{"id":220,"date":"2025-11-17T11:39:23","date_gmt":"2025-11-17T11:39:23","guid":{"rendered":"https:\/\/botox-mhl.de\/sample-page\/?page_id=220"},"modified":"2025-11-17T11:39:23","modified_gmt":"2025-11-17T11:39:23","slug":"gutscheine","status":"publish","type":"page","link":"https:\/\/botox-mhl.de\/sample-page\/gutscheine\/","title":{"rendered":"Gutscheine"},"content":{"rendered":"\n<h2 class=\"wp-block-heading has-text-align-center has-x-large-font-size\" style=\"margin-top:var(--wp--preset--spacing--50);margin-right:0;margin-bottom:var(--wp--preset--spacing--50);margin-left:0;padding-top:var(--wp--preset--spacing--40);padding-right:var(--wp--preset--spacing--80);padding-bottom:var(--wp--preset--spacing--40);padding-left:var(--wp--preset--spacing--80)\">Verschenken Sie Sch\u00f6nheit, Wohlgef\u00fchl und Selbstvertrauen<\/h2>\n\n\n\n<p class=\"has-text-align-center\"><strong>Ein Moment der Sch\u00f6nheit und des Wohlbefindens.<\/strong><\/p>\n\n\n\n<p class=\"has-text-align-left\" style=\"margin-right:0;margin-left:0\"><br>Mit einem Gutschein von <strong>J&amp;J Aesthetics<\/strong> \u00fcberraschen Sie einen besonderen Menschen mit einer \u00e4sthetischen Behandlung, die nat\u00fcrlich, sanft und professionell durchgef\u00fchrt wird.<br>Ein wertvolles Geschenk f\u00fcr mehr Ausstrahlung, Selbstvertrauen und einen kleinen Luxus im Alltag.<\/p>\n\n\n<style id=\"wpforms-css-vars-197-block-8384c5a5-a9f7-4d78-9a65-b17d5f526137\">\n\t\t\t\t#wpforms-197.wpforms-block-8384c5a5-a9f7-4d78-9a65-b17d5f526137 {\n\t\t\t\t--wpforms-label-color: rgba(0, 0, 0, 0.85);\n--wpforms-label-sublabel-color: rgba(0, 0, 0, 0.55);\n--wpforms-field-border-color: rgba(0, 0, 0, 0.25);\n--wpforms-field-border-color-spare: rgba(0, 0, 0, 0.25);\n--wpforms-field-text-color: rgba(0, 0, 0, 0.7);\n--wpforms-button-border-radius: 50px;\n--wpforms-button-background-color: #56d4d4;\n--wpforms-field-size-input-height: 43px;\n--wpforms-field-size-input-spacing: 15px;\n--wpforms-field-size-font-size: 16px;\n--wpforms-field-size-line-height: 19px;\n--wpforms-field-size-padding-h: 14px;\n--wpforms-field-size-checkbox-size: 16px;\n--wpforms-field-size-sublabel-spacing: 5px;\n--wpforms-field-size-icon-size: 1;\n--wpforms-label-size-font-size: 16px;\n--wpforms-label-size-line-height: 19px;\n--wpforms-label-size-sublabel-font-size: 14px;\n--wpforms-label-size-sublabel-line-height: 17px;\n--wpforms-button-size-font-size: 17px;\n--wpforms-button-size-height: 41px;\n--wpforms-button-size-padding-h: 15px;\n--wpforms-button-size-margin-top: 10px;\n\t\t\t}\n\t\t\t<\/style><div class=\"wpforms-container wpforms-container-full wpforms-block wpforms-block-8384c5a5-a9f7-4d78-9a65-b17d5f526137 wpforms-render-modern\" id=\"wpforms-197\"><form id=\"wpforms-form-197\" class=\"wpforms-validate wpforms-form wpforms-ajax-form\" data-formid=\"197\" method=\"post\" enctype=\"multipart\/form-data\" action=\"\/sample-page\/wp-json\/wp\/v2\/pages\/220\" data-token=\"33481401c277e0a07ab6b41bd4db1d00\" data-token-time=\"1775391295\"><noscript class=\"wpforms-error-noscript\">Bitte aktiviere JavaScript in deinem Browser, um dieses Formular fertigzustellen.<\/noscript><div id=\"wpforms-error-noscript\" style=\"display: none;\">Bitte aktiviere JavaScript in deinem Browser, um dieses Formular fertigzustellen.<\/div><div class=\"wpforms-field-container\"><div id=\"wpforms-197-field_1-container\" class=\"wpforms-field wpforms-field-text\" data-field-id=\"1\"><label class=\"wpforms-field-label\" for=\"wpforms-197-field_1\">Name des K\u00e4ufers <span class=\"wpforms-required-label\" aria-hidden=\"true\">*<\/span><\/label><input type=\"text\" id=\"wpforms-197-field_1\" class=\"wpforms-field-medium wpforms-field-required\" name=\"wpforms[fields][1]\" aria-errormessage=\"wpforms-197-field_1-error\" required><\/div><div id=\"wpforms-197-field_2-container\" class=\"wpforms-field wpforms-field-email\" data-field-id=\"2\"><label class=\"wpforms-field-label\" for=\"wpforms-197-field_2\">E-Mail-Adresse <span class=\"wpforms-required-label\" aria-hidden=\"true\">*<\/span><\/label><input type=\"email\" id=\"wpforms-197-field_2\" class=\"wpforms-field-medium wpforms-field-required\" name=\"wpforms[fields][2]\" spellcheck=\"false\" aria-errormessage=\"wpforms-197-field_2-error\" required><\/div><div id=\"wpforms-197-field_3-container\" class=\"wpforms-field wpforms-field-text\" data-field-id=\"3\"><label class=\"wpforms-field-label\" for=\"wpforms-197-field_3\">Telefonnummer<\/label><input type=\"text\" id=\"wpforms-197-field_3\" class=\"wpforms-field-medium\" name=\"wpforms[fields][3]\" aria-errormessage=\"wpforms-197-field_3-error\" aria-describedby=\"wpforms-197-field_3-description\" ><div id=\"wpforms-197-field_3-description\" class=\"wpforms-field-description\">nur f\u00fcr R\u00fcckfragen<\/div><\/div><div id=\"wpforms-197-field_4-container\" class=\"wpforms-field wpforms-field-text\" data-field-id=\"4\"><label class=\"wpforms-field-label\" for=\"wpforms-197-field_4\">Name der beschenkten Person<\/label><input type=\"text\" id=\"wpforms-197-field_4\" class=\"wpforms-field-medium\" name=\"wpforms[fields][4]\" aria-errormessage=\"wpforms-197-field_4-error\" ><\/div><div id=\"wpforms-197-field_6-container\" class=\"wpforms-field wpforms-field-radio\" data-field-id=\"6\"><fieldset><legend class=\"wpforms-field-label\">Gutscheinbetrag <span class=\"wpforms-required-label\" aria-hidden=\"true\">*<\/span><\/legend><ul id=\"wpforms-197-field_6\" class=\"wpforms-field-required\"><li class=\"choice-1 depth-1 wpforms-selected\"><input type=\"radio\" id=\"wpforms-197-field_6_1\" name=\"wpforms[fields][6]\" value=\"20 \u20ac\" aria-errormessage=\"wpforms-197-field_6_1-error\" required  checked='checked'><label class=\"wpforms-field-label-inline\" for=\"wpforms-197-field_6_1\">20 \u20ac<\/label><\/li><li class=\"choice-2 depth-1\"><input type=\"radio\" id=\"wpforms-197-field_6_2\" name=\"wpforms[fields][6]\" value=\"50 \u20ac\" aria-errormessage=\"wpforms-197-field_6_2-error\" required ><label class=\"wpforms-field-label-inline\" for=\"wpforms-197-field_6_2\">50 \u20ac<\/label><\/li><li class=\"choice-3 depth-1\"><input type=\"radio\" id=\"wpforms-197-field_6_3\" name=\"wpforms[fields][6]\" value=\"100 \u20ac\" aria-errormessage=\"wpforms-197-field_6_3-error\" required ><label class=\"wpforms-field-label-inline\" for=\"wpforms-197-field_6_3\">100 \u20ac<\/label><\/li><li class=\"choice-4 depth-1\"><input type=\"radio\" id=\"wpforms-197-field_6_4\" name=\"wpforms[fields][6]\" value=\"150 \u20ac\" aria-errormessage=\"wpforms-197-field_6_4-error\" required ><label class=\"wpforms-field-label-inline\" for=\"wpforms-197-field_6_4\">150 \u20ac<\/label><\/li><li class=\"choice-5 depth-1 wpforms-other-choice\"><input type=\"radio\" id=\"wpforms-197-field_6_5\" data-other-choice=\"true\" name=\"wpforms[fields][6]\" value=\"individueller Betrag\" aria-errormessage=\"wpforms-197-field_6_5-error\" required ><label class=\"wpforms-field-label-inline\" for=\"wpforms-197-field_6_5\">individueller Betrag<\/label><\/li><\/ul><input type=\"text\" id=\"wpforms-197-field_6_other\" class=\"wpforms-other-input wpforms-field-required wpforms-field-medium wpforms-hidden\" name=\"wpforms[fields][6][other]\" disabled=\"disabled\" required><\/fieldset><\/div><div id=\"wpforms-197-field_7-container\" class=\"wpforms-field wpforms-field-textarea\" data-field-id=\"7\"><label class=\"wpforms-field-label\" for=\"wpforms-197-field_7\">Pers\u00f6nliche Widmung<\/label><textarea id=\"wpforms-197-field_7\" class=\"wpforms-field-medium\" name=\"wpforms[fields][7]\" aria-errormessage=\"wpforms-197-field_7-error\" ><\/textarea><\/div>\t\t<div id=\"wpforms-197-field_5-container\"\n\t\t\tclass=\"wpforms-field wpforms-field-text\"\n\t\t\tdata-field-type=\"text\"\n\t\t\tdata-field-id=\"5\"\n\t\t\t>\n\t\t\t<label class=\"wpforms-field-label\" for=\"wpforms-197-field_5\" >Person Name K\u00e4ufers<\/label>\n\t\t\t<input type=\"text\" id=\"wpforms-197-field_5\" class=\"wpforms-field-medium\" name=\"wpforms[fields][5]\" >\n\t\t<\/div>\n\t\t<div id=\"wpforms-197-field_8-container\" class=\"wpforms-field wpforms-field-select wpforms-field-select-style-classic\" data-field-id=\"8\"><label class=\"wpforms-field-label\" for=\"wpforms-197-field_8\">Wie m\u00f6chten Sie den Gutschein erhalten? <span class=\"wpforms-required-label\" aria-hidden=\"true\">*<\/span><\/label><select id=\"wpforms-197-field_8\" class=\"wpforms-field-medium wpforms-field-required\" name=\"wpforms[fields][8]\" required=\"required\"><option value=\"\" class=\"placeholder\" disabled  selected='selected'>&#8211; Auswahl treffen &#8211;<\/option><option value=\"PDF per E-Mail\"  class=\"choice-1 depth-1\"  >PDF per E-Mail<\/option><option value=\"Abholung in der Praxis\"  class=\"choice-2 depth-1\"  >Abholung in der Praxis<\/option><\/select><\/div><div id=\"wpforms-197-field_9-container\" class=\"wpforms-field wpforms-field-select wpforms-field-select-style-classic\" data-field-id=\"9\"><label class=\"wpforms-field-label\" for=\"wpforms-197-field_9\">Bezahlart <span class=\"wpforms-required-label\" aria-hidden=\"true\">*<\/span><\/label><select id=\"wpforms-197-field_9\" class=\"wpforms-field-medium wpforms-field-required\" name=\"wpforms[fields][9]\" required=\"required\"><option value=\"\" class=\"placeholder\" disabled  selected='selected'>&#8211; Auswahl treffen &#8211;<\/option><option value=\"\u00dcberweisung\"  class=\"choice-1 depth-1\"  >\u00dcberweisung<\/option><option value=\"Barzahlung bei Abholung\"  class=\"choice-2 depth-1\"  >Barzahlung bei Abholung<\/option><\/select><\/div><div id=\"wpforms-197-field_10-container\" class=\"wpforms-field wpforms-field-checkbox\" data-field-id=\"10\"><fieldset><legend class=\"wpforms-field-label\">DSGVO Einwilligung <span class=\"wpforms-required-label\" aria-hidden=\"true\">*<\/span><\/legend><ul id=\"wpforms-197-field_10\" class=\"wpforms-field-required\"><li class=\"choice-1 depth-1\"><input type=\"checkbox\" id=\"wpforms-197-field_10_1\" name=\"wpforms[fields][10][]\" value=\"Ich stimme der Verarbeitung meiner Daten gem\u00e4\u00df der Datenschutzerkl\u00e4rung zu.\" aria-errormessage=\"wpforms-197-field_10_1-error\" aria-describedby=\"wpforms-197-field_10-description\" required ><label class=\"wpforms-field-label-inline\" for=\"wpforms-197-field_10_1\">Ich stimme der Verarbeitung meiner Daten gem\u00e4\u00df der Datenschutzerkl\u00e4rung zu.<\/label><\/li><\/ul><div id=\"wpforms-197-field_10-description\" class=\"wpforms-field-description\">\n<a href=\"http:\/\/botox-mhl.de\/wp-content\/uploads\/2025\/11\/Datenschutzerklaerung_JJ_Aesthetics_Pro.pdf\">Datenschutzerkl\u00e4rung<\/a> .<\/div><\/fieldset><\/div><script>\n\t\t\t\t( function() {\n\t\t\t\t\tconst style = document.createElement( 'style' );\n\t\t\t\t\tstyle.appendChild( document.createTextNode( '#wpforms-197-field_5-container { position: absolute !important; overflow: hidden !important; display: inline !important; height: 1px !important; width: 1px !important; z-index: -1000 !important; padding: 0 !important; } #wpforms-197-field_5-container input { visibility: hidden; } #wpforms-conversational-form-page #wpforms-197-field_5-container label { counter-increment: none; }' ) );\n\t\t\t\t\tdocument.head.appendChild( style );\n\t\t\t\t\tdocument.currentScript?.remove();\n\t\t\t\t} )();\n\t\t\t<\/script><\/div><!-- .wpforms-field-container --><div class=\"wpforms-submit-container\" ><input type=\"hidden\" name=\"wpforms[id]\" value=\"197\"><input type=\"hidden\" name=\"page_title\" value=\"\"><input type=\"hidden\" name=\"page_url\" value=\"https:\/\/botox-mhl.de\/sample-page\/wp-json\/wp\/v2\/pages\/220\"><input type=\"hidden\" name=\"url_referer\" value=\"\"><button type=\"submit\" name=\"wpforms[submit]\" id=\"wpforms-submit-197\" class=\"wpforms-submit\" data-alt-text=\"Wird gesendet\u00a0\u2026\" data-submit-text=\"Absenden\" aria-live=\"assertive\" value=\"wpforms-submit\">Absenden<\/button><img loading=\"lazy\" decoding=\"async\" src=\"https:\/\/botox-mhl.de\/wp-content\/plugins\/wpforms-lite\/assets\/images\/submit-spin.svg\" class=\"wpforms-submit-spinner\" style=\"display: none;\" width=\"26\" height=\"26\" alt=\"Wird geladen\"><\/div><\/form><\/div>  <!-- .wpforms-container -->\n\n\n<div class=\"wp-block-group alignfull is-layout-flow wp-block-group-is-layout-flow\"><\/div>\n\n\n\n<p><\/p>\n","protected":false},"excerpt":{"rendered":"<p>Verschenken Sie Sch\u00f6nheit, Wohlgef\u00fchl und Selbstvertrauen Ein Moment der Sch\u00f6nheit und des Wohlbefindens. Mit einem Gutschein von J&amp;J Aesthetics \u00fcberraschen Sie einen besonderen Menschen mit einer \u00e4sthetischen Behandlung, die nat\u00fcrlich, sanft und professionell durchgef\u00fchrt wird.Ein wertvolles Geschenk f\u00fcr mehr Ausstrahlung, Selbstvertrauen und einen kleinen Luxus im Alltag.<\/p>\n","protected":false},"author":1,"featured_media":0,"parent":0,"menu_order":0,"comment_status":"closed","ping_status":"closed","template":"","meta":{"footnotes":""},"class_list":["post-220","page","type-page","status-publish","hentry"],"yoast_head":"<!-- This site is optimized with the Yoast SEO plugin v27.3 - https:\/\/yoast.com\/product\/yoast-seo-wordpress\/ -->\n<title>Gutscheine - J&amp;J Aesthetics &lt;&gt; botox-mhl.de<\/title>\n<meta name=\"robots\" content=\"index, follow, max-snippet:-1, max-image-preview:large, max-video-preview:-1\" \/>\n<link rel=\"canonical\" href=\"https:\/\/botox-mhl.de\/sample-page\/gutscheine\/\" \/>\n<meta property=\"og:locale\" content=\"de_DE\" \/>\n<meta property=\"og:type\" content=\"article\" \/>\n<meta property=\"og:title\" content=\"Gutscheine - J&amp;J Aesthetics &lt;&gt; botox-mhl.de\" \/>\n<meta property=\"og:description\" content=\"Verschenken Sie Sch\u00f6nheit, Wohlgef\u00fchl und Selbstvertrauen Ein Moment der Sch\u00f6nheit und des Wohlbefindens. Mit einem Gutschein von J&amp;J Aesthetics \u00fcberraschen Sie einen besonderen Menschen mit einer \u00e4sthetischen Behandlung, die nat\u00fcrlich, sanft und professionell durchgef\u00fchrt wird.Ein wertvolles Geschenk f\u00fcr mehr Ausstrahlung, Selbstvertrauen und einen kleinen Luxus im Alltag.\" \/>\n<meta property=\"og:url\" content=\"https:\/\/botox-mhl.de\/sample-page\/gutscheine\/\" \/>\n<meta property=\"og:site_name\" content=\"J&amp;J Aesthetics &lt;&gt; botox-mhl.de\" \/>\n<meta name=\"twitter:card\" content=\"summary_large_image\" \/>\n<meta name=\"twitter:label1\" content=\"Gesch\u00e4tzte Lesezeit\" \/>\n\t<meta name=\"twitter:data1\" content=\"1\u00a0Minute\" \/>\n<script type=\"application\/ld+json\" class=\"yoast-schema-graph\">{\"@context\":\"https:\\\/\\\/schema.org\",\"@graph\":[{\"@type\":\"WebPage\",\"@id\":\"https:\\\/\\\/botox-mhl.de\\\/sample-page\\\/gutscheine\\\/\",\"url\":\"https:\\\/\\\/botox-mhl.de\\\/sample-page\\\/gutscheine\\\/\",\"name\":\"Gutscheine - J&amp;J Aesthetics &lt;&gt; botox-mhl.de\",\"isPartOf\":{\"@id\":\"https:\\\/\\\/botox-mhl.de\\\/sample-page\\\/#website\"},\"datePublished\":\"2025-11-17T11:39:23+00:00\",\"breadcrumb\":{\"@id\":\"https:\\\/\\\/botox-mhl.de\\\/sample-page\\\/gutscheine\\\/#breadcrumb\"},\"inLanguage\":\"de\",\"potentialAction\":[{\"@type\":\"ReadAction\",\"target\":[\"https:\\\/\\\/botox-mhl.de\\\/sample-page\\\/gutscheine\\\/\"]}]},{\"@type\":\"BreadcrumbList\",\"@id\":\"https:\\\/\\\/botox-mhl.de\\\/sample-page\\\/gutscheine\\\/#breadcrumb\",\"itemListElement\":[{\"@type\":\"ListItem\",\"position\":1,\"name\":\"Startseite\",\"item\":\"https:\\\/\\\/botox-mhl.de\\\/sample-page\\\/\"},{\"@type\":\"ListItem\",\"position\":2,\"name\":\"Gutscheine\"}]},{\"@type\":\"WebSite\",\"@id\":\"https:\\\/\\\/botox-mhl.de\\\/sample-page\\\/#website\",\"url\":\"https:\\\/\\\/botox-mhl.de\\\/sample-page\\\/\",\"name\":\"J&J Aesthetics botox-mhl.de\",\"description\":\"Ihr kompetenter Botox- und Hyaluronspezialist in M\u00fchlhausen\",\"publisher\":{\"@id\":\"https:\\\/\\\/botox-mhl.de\\\/sample-page\\\/#organization\"},\"potentialAction\":[{\"@type\":\"SearchAction\",\"target\":{\"@type\":\"EntryPoint\",\"urlTemplate\":\"https:\\\/\\\/botox-mhl.de\\\/sample-page\\\/?s={search_term_string}\"},\"query-input\":{\"@type\":\"PropertyValueSpecification\",\"valueRequired\":true,\"valueName\":\"search_term_string\"}}],\"inLanguage\":\"de\"},{\"@type\":\"Organization\",\"@id\":\"https:\\\/\\\/botox-mhl.de\\\/sample-page\\\/#organization\",\"name\":\"botox-mhl.de\",\"url\":\"https:\\\/\\\/botox-mhl.de\\\/sample-page\\\/\",\"logo\":{\"@type\":\"ImageObject\",\"inLanguage\":\"de\",\"@id\":\"https:\\\/\\\/botox-mhl.de\\\/sample-page\\\/#\\\/schema\\\/logo\\\/image\\\/\",\"url\":\"https:\\\/\\\/botox-mhl.de\\\/wp-content\\\/uploads\\\/2025\\\/10\\\/logo-ohne-hintergund-schwarz-3.png\",\"contentUrl\":\"https:\\\/\\\/botox-mhl.de\\\/wp-content\\\/uploads\\\/2025\\\/10\\\/logo-ohne-hintergund-schwarz-3.png\",\"width\":1024,\"height\":1024,\"caption\":\"botox-mhl.de\"},\"image\":{\"@id\":\"https:\\\/\\\/botox-mhl.de\\\/sample-page\\\/#\\\/schema\\\/logo\\\/image\\\/\"}}]}<\/script>\n<!-- \/ Yoast SEO plugin. -->","yoast_head_json":{"title":"Gutscheine - J&amp;J Aesthetics &lt;&gt; botox-mhl.de","robots":{"index":"index","follow":"follow","max-snippet":"max-snippet:-1","max-image-preview":"max-image-preview:large","max-video-preview":"max-video-preview:-1"},"canonical":"https:\/\/botox-mhl.de\/sample-page\/gutscheine\/","og_locale":"de_DE","og_type":"article","og_title":"Gutscheine - J&amp;J Aesthetics &lt;&gt; botox-mhl.de","og_description":"Verschenken Sie Sch\u00f6nheit, Wohlgef\u00fchl und Selbstvertrauen Ein Moment der Sch\u00f6nheit und des Wohlbefindens. Mit einem Gutschein von J&amp;J Aesthetics \u00fcberraschen Sie einen besonderen Menschen mit einer \u00e4sthetischen Behandlung, die nat\u00fcrlich, sanft und professionell durchgef\u00fchrt wird.Ein wertvolles Geschenk f\u00fcr mehr Ausstrahlung, Selbstvertrauen und einen kleinen Luxus im Alltag.","og_url":"https:\/\/botox-mhl.de\/sample-page\/gutscheine\/","og_site_name":"J&amp;J Aesthetics &lt;&gt; botox-mhl.de","twitter_card":"summary_large_image","twitter_misc":{"Gesch\u00e4tzte Lesezeit":"1\u00a0Minute"},"schema":{"@context":"https:\/\/schema.org","@graph":[{"@type":"WebPage","@id":"https:\/\/botox-mhl.de\/sample-page\/gutscheine\/","url":"https:\/\/botox-mhl.de\/sample-page\/gutscheine\/","name":"Gutscheine - J&amp;J Aesthetics &lt;&gt; botox-mhl.de","isPartOf":{"@id":"https:\/\/botox-mhl.de\/sample-page\/#website"},"datePublished":"2025-11-17T11:39:23+00:00","breadcrumb":{"@id":"https:\/\/botox-mhl.de\/sample-page\/gutscheine\/#breadcrumb"},"inLanguage":"de","potentialAction":[{"@type":"ReadAction","target":["https:\/\/botox-mhl.de\/sample-page\/gutscheine\/"]}]},{"@type":"BreadcrumbList","@id":"https:\/\/botox-mhl.de\/sample-page\/gutscheine\/#breadcrumb","itemListElement":[{"@type":"ListItem","position":1,"name":"Startseite","item":"https:\/\/botox-mhl.de\/sample-page\/"},{"@type":"ListItem","position":2,"name":"Gutscheine"}]},{"@type":"WebSite","@id":"https:\/\/botox-mhl.de\/sample-page\/#website","url":"https:\/\/botox-mhl.de\/sample-page\/","name":"J&J Aesthetics botox-mhl.de","description":"Ihr kompetenter Botox- und Hyaluronspezialist in M\u00fchlhausen","publisher":{"@id":"https:\/\/botox-mhl.de\/sample-page\/#organization"},"potentialAction":[{"@type":"SearchAction","target":{"@type":"EntryPoint","urlTemplate":"https:\/\/botox-mhl.de\/sample-page\/?s={search_term_string}"},"query-input":{"@type":"PropertyValueSpecification","valueRequired":true,"valueName":"search_term_string"}}],"inLanguage":"de"},{"@type":"Organization","@id":"https:\/\/botox-mhl.de\/sample-page\/#organization","name":"botox-mhl.de","url":"https:\/\/botox-mhl.de\/sample-page\/","logo":{"@type":"ImageObject","inLanguage":"de","@id":"https:\/\/botox-mhl.de\/sample-page\/#\/schema\/logo\/image\/","url":"https:\/\/botox-mhl.de\/wp-content\/uploads\/2025\/10\/logo-ohne-hintergund-schwarz-3.png","contentUrl":"https:\/\/botox-mhl.de\/wp-content\/uploads\/2025\/10\/logo-ohne-hintergund-schwarz-3.png","width":1024,"height":1024,"caption":"botox-mhl.de"},"image":{"@id":"https:\/\/botox-mhl.de\/sample-page\/#\/schema\/logo\/image\/"}}]}},"_links":{"self":[{"href":"https:\/\/botox-mhl.de\/sample-page\/wp-json\/wp\/v2\/pages\/220","targetHints":{"allow":["GET"]}}],"collection":[{"href":"https:\/\/botox-mhl.de\/sample-page\/wp-json\/wp\/v2\/pages"}],"about":[{"href":"https:\/\/botox-mhl.de\/sample-page\/wp-json\/wp\/v2\/types\/page"}],"author":[{"embeddable":true,"href":"https:\/\/botox-mhl.de\/sample-page\/wp-json\/wp\/v2\/users\/1"}],"replies":[{"embeddable":true,"href":"https:\/\/botox-mhl.de\/sample-page\/wp-json\/wp\/v2\/comments?post=220"}],"version-history":[{"count":1,"href":"https:\/\/botox-mhl.de\/sample-page\/wp-json\/wp\/v2\/pages\/220\/revisions"}],"predecessor-version":[{"id":221,"href":"https:\/\/botox-mhl.de\/sample-page\/wp-json\/wp\/v2\/pages\/220\/revisions\/221"}],"wp:attachment":[{"href":"https:\/\/botox-mhl.de\/sample-page\/wp-json\/wp\/v2\/media?parent=220"}],"curies":[{"name":"wp","href":"https:\/\/api.w.org\/{rel}","templated":true}]}}