{"id":168,"date":"2025-11-10T12:09:28","date_gmt":"2025-11-10T12:09:28","guid":{"rendered":"http:\/\/botox-mhl.de\/sample-page\/?page_id=168"},"modified":"2025-11-11T09:18:55","modified_gmt":"2025-11-11T09:18:55","slug":"anwendungen","status":"publish","type":"page","link":"https:\/\/botox-mhl.de\/sample-page\/anwendungen\/","title":{"rendered":"Anwendungen"},"content":{"rendered":"\n<figure class=\"wp-block-image size-large has-custom-border\"><img loading=\"lazy\" decoding=\"async\" width=\"1024\" height=\"683\" src=\"https:\/\/botox-mhl.de\/wp-content\/uploads\/2025\/11\/uebersicht-botoxHyaluron-1024x683.png\" alt=\"\" class=\"wp-image-173\" style=\"border-radius:100px\" srcset=\"https:\/\/botox-mhl.de\/wp-content\/uploads\/2025\/11\/uebersicht-botoxHyaluron-1024x683.png 1024w, https:\/\/botox-mhl.de\/wp-content\/uploads\/2025\/11\/uebersicht-botoxHyaluron-300x200.png 300w, https:\/\/botox-mhl.de\/wp-content\/uploads\/2025\/11\/uebersicht-botoxHyaluron-768x512.png 768w, https:\/\/botox-mhl.de\/wp-content\/uploads\/2025\/11\/uebersicht-botoxHyaluron.png 1536w\" sizes=\"auto, (max-width: 1024px) 100vw, 1024px\" \/><\/figure>\n\n\n\n<p><strong>moderne Anwendungen f\u00fcr ein frisches, nat\u00fcrliches Ergebnis<\/strong><\/p>\n\n\n\n<p class=\"has-text-align-center\">In unserer Praxis setzen wir auf minimalinvasive \u00e4sthetische Behandlungen, die sanft, effektiv und pr\u00e4zise sind. Botox und Hyaluron erg\u00e4nzen sich dabei perfekt: W\u00e4hrend Botox mimische Falten gl\u00e4ttet und die Muskeln entspannt, sorgt Hyaluron f\u00fcr Volumenaufbau, Konturierung und Feuchtigkeit von innen. Gemeinsam erm\u00f6glichen beide Verfahren ein harmonisches, nat\u00fcrliches Gesamtbild.<\/p>\n\n\n\n<p><\/p>\n\n\n\n<div class=\"wp-block-group alignfull has-global-padding is-layout-constrained wp-block-group-is-layout-constrained\" style=\"margin-top:0;margin-bottom:0\">\n<div class=\"wp-block-columns alignfull is-layout-flex wp-container-core-columns-is-layout-9c22b1e3 wp-block-columns-is-layout-flex\">\n<div class=\"wp-block-column is-layout-flow wp-block-column-is-layout-flow\" style=\"flex-basis:55%\">\n<figure class=\"wp-block-image alignright size-large is-resized has-custom-border\"><img loading=\"lazy\" decoding=\"async\" width=\"683\" height=\"1024\" src=\"http:\/\/botox-mhl.de\/wp-content\/uploads\/2025\/11\/eubersicht-Botox-683x1024.png\" alt=\"\" class=\"wp-image-174\" style=\"border-radius:100px;width:482px;height:auto\" srcset=\"https:\/\/botox-mhl.de\/wp-content\/uploads\/2025\/11\/eubersicht-Botox-683x1024.png 683w, https:\/\/botox-mhl.de\/wp-content\/uploads\/2025\/11\/eubersicht-Botox-200x300.png 200w, https:\/\/botox-mhl.de\/wp-content\/uploads\/2025\/11\/eubersicht-Botox.png 1024w\" sizes=\"auto, (max-width: 683px) 100vw, 683px\" \/><\/figure>\n<\/div>\n\n\n\n<div class=\"wp-block-column is-vertically-aligned-center is-layout-flow wp-block-column-is-layout-flow\" style=\"padding-top:var(--wp--preset--spacing--60);padding-right:var(--wp--preset--spacing--60);padding-bottom:var(--wp--preset--spacing--60);padding-left:var(--wp--preset--spacing--60)\">\n<h2 class=\"wp-block-heading has-text-align-center has-xx-large-font-size\"><strong>Anwendungsgebiete von Botox<\/strong><\/h2>\n\n\n\n<p><\/p>\n\n\n\n<p class=\"has-text-align-center\">\u2022 Stirn: Gl\u00e4ttung horizontaler Stirnfalten<br>\u2022 Zornesfalte: Entspannung der mimischen Muskulatur<br>\u2022 Kr\u00e4henf\u00fc\u00dfe: Reduktion von F\u00e4ltchen um die          Augen<br>\u2022 Augenbrauenlift: \u00d6ffnet den Blick<br>\u2022 Bunny Lines: zarte F\u00e4ltchen an der Nasenwurzel<br>\u2022 Lippenf\u00e4ltchen: sanfte Entspannung ohne Volumen<br>\u2022 Masseter (Kiefer): gegen Z\u00e4hneknirschen und f\u00fcr eine schlankere Gesichtsform<br>\u2022 Achseln: Hyperhidrose Therapie zur Reduktion \u00fcberm\u00e4\u00dfigen Schwitzens<\/p>\n\n\n\n<p class=\"has-medium-font-size\"><\/p>\n<\/div>\n<\/div>\n<\/div>\n\n\n\n<div class=\"wp-block-group alignfull has-global-padding is-layout-constrained wp-block-group-is-layout-constrained\" style=\"margin-top:0;margin-bottom:0;padding-top:var(--wp--preset--spacing--50);padding-bottom:var(--wp--preset--spacing--50)\">\n<div class=\"wp-block-columns alignwide is-layout-flex wp-container-core-columns-is-layout-fa584acd wp-block-columns-is-layout-flex\">\n<div class=\"wp-block-column is-vertically-aligned-center is-layout-flow wp-block-column-is-layout-flow\">\n<h2 class=\"wp-block-heading has-text-align-center has-xx-large-font-size\"><strong>Anwendungsgebiete von Hyaluron<\/strong><\/h2>\n\n\n\n<p class=\"has-medium-font-size\"><\/p>\n\n\n\n<p class=\"has-text-align-center has-medium-font-size\">\u2022 Lippen: Form, Volumen, Kontur, Hydration<br>\u2022 Wangen: Aufbau und Modellierung<br>\u2022 Nasolabialfalte: sanfte Gl\u00e4ttung<br>\u2022 Marionettenlinien: Aufhellung und Anhebung<br>\u2022 Jawline: definiertere Kieferlinie<br>\u2022 Kinn: kleine Asymmetrien ausgleichen, Form optimieren<br>\u2022 Tr\u00e4nenrinne: Frische und Ausgleich von Schatten<br>\u2022 Skinbooster: Feuchtigkeit plus Glow f\u00fcr das gesamte Gesicht<\/p>\n<\/div>\n\n\n\n<div class=\"wp-block-column is-vertically-aligned-center is-layout-flow wp-block-column-is-layout-flow\">\n<figure class=\"wp-block-image size-full is-resized has-custom-border is-style-default\" style=\"margin-top:0;margin-bottom:0\"><img loading=\"lazy\" decoding=\"async\" width=\"1024\" height=\"1536\" src=\"http:\/\/botox-mhl.de\/wp-content\/uploads\/2025\/11\/uebersciht-Hyoluron-1.png\" alt=\"\" class=\"wp-image-177\" style=\"border-style:none;border-width:0px;border-radius:100px;width:474px;height:auto\" srcset=\"https:\/\/botox-mhl.de\/wp-content\/uploads\/2025\/11\/uebersciht-Hyoluron-1.png 1024w, https:\/\/botox-mhl.de\/wp-content\/uploads\/2025\/11\/uebersciht-Hyoluron-1-200x300.png 200w, https:\/\/botox-mhl.de\/wp-content\/uploads\/2025\/11\/uebersciht-Hyoluron-1-683x1024.png 683w\" sizes=\"auto, (max-width: 1024px) 100vw, 1024px\" \/><\/figure>\n<\/div>\n<\/div>\n<\/div>\n\n\n\n<div class=\"wp-block-group alignfull has-global-padding is-layout-constrained wp-block-group-is-layout-constrained\" style=\"margin-top:0;margin-bottom:0\"><\/div>\n\n\n\n<p class=\"has-text-align-center\"><strong>Nat\u00fcrliche Ergebnisse als Grundprinzip<\/strong><br>Wir arbeiten mit hochwertigen Produkten, pr\u00e4ziser Technik und \u00e4sthetischem Feingef\u00fchl. Ziel ist immer ein nat\u00fcrlich wirkender Look, der deine individuelle Ausstrahlung unterstreicht und nicht ver\u00e4ndert.<\/p>\n\n\n\n<p><\/p>\n","protected":false},"excerpt":{"rendered":"<p>moderne Anwendungen f\u00fcr ein frisches, nat\u00fcrliches Ergebnis In unserer Praxis setzen wir auf minimalinvasive \u00e4sthetische Behandlungen, die sanft, effektiv und pr\u00e4zise sind. Botox und Hyaluron erg\u00e4nzen sich dabei perfekt: W\u00e4hrend Botox mimische Falten gl\u00e4ttet und die Muskeln entspannt, sorgt Hyaluron f\u00fcr Volumenaufbau, Konturierung und Feuchtigkeit von innen. Gemeinsam erm\u00f6glichen beide Verfahren ein harmonisches, nat\u00fcrliches Gesamtbild. [&hellip;]<\/p>\n","protected":false},"author":1,"featured_media":0,"parent":0,"menu_order":0,"comment_status":"closed","ping_status":"closed","template":"","meta":{"footnotes":""},"class_list":["post-168","page","type-page","status-publish","hentry"],"yoast_head":"<!-- This site is optimized with the Yoast SEO plugin v27.3 - https:\/\/yoast.com\/product\/yoast-seo-wordpress\/ -->\n<title>Anwendungen - J&amp;J Aesthetics &lt;&gt; botox-mhl.de<\/title>\n<meta name=\"robots\" content=\"index, follow, max-snippet:-1, max-image-preview:large, max-video-preview:-1\" \/>\n<link rel=\"canonical\" href=\"https:\/\/botox-mhl.de\/sample-page\/anwendungen\/\" \/>\n<meta property=\"og:locale\" content=\"de_DE\" \/>\n<meta property=\"og:type\" content=\"article\" \/>\n<meta property=\"og:title\" content=\"Anwendungen - J&amp;J Aesthetics &lt;&gt; botox-mhl.de\" \/>\n<meta property=\"og:description\" content=\"moderne Anwendungen f\u00fcr ein frisches, nat\u00fcrliches Ergebnis In unserer Praxis setzen wir auf minimalinvasive \u00e4sthetische Behandlungen, die sanft, effektiv und pr\u00e4zise sind. Botox und Hyaluron erg\u00e4nzen sich dabei perfekt: W\u00e4hrend Botox mimische Falten gl\u00e4ttet und die Muskeln entspannt, sorgt Hyaluron f\u00fcr Volumenaufbau, Konturierung und Feuchtigkeit von innen. Gemeinsam erm\u00f6glichen beide Verfahren ein harmonisches, nat\u00fcrliches Gesamtbild. [&hellip;]\" \/>\n<meta property=\"og:url\" content=\"https:\/\/botox-mhl.de\/sample-page\/anwendungen\/\" \/>\n<meta property=\"og:site_name\" content=\"J&amp;J Aesthetics &lt;&gt; botox-mhl.de\" \/>\n<meta property=\"article:modified_time\" content=\"2025-11-11T09:18:55+00:00\" \/>\n<meta property=\"og:image\" content=\"https:\/\/botox-mhl.de\/wp-content\/uploads\/2025\/11\/uebersicht-botoxHyaluron-1024x683.png\" \/>\n<meta name=\"twitter:card\" content=\"summary_large_image\" \/>\n<meta name=\"twitter:label1\" content=\"Gesch\u00e4tzte Lesezeit\" \/>\n\t<meta name=\"twitter:data1\" content=\"2\u00a0Minuten\" \/>\n<script type=\"application\/ld+json\" class=\"yoast-schema-graph\">{\"@context\":\"https:\\\/\\\/schema.org\",\"@graph\":[{\"@type\":\"WebPage\",\"@id\":\"https:\\\/\\\/botox-mhl.de\\\/sample-page\\\/anwendungen\\\/\",\"url\":\"https:\\\/\\\/botox-mhl.de\\\/sample-page\\\/anwendungen\\\/\",\"name\":\"Anwendungen - J&amp;J Aesthetics &lt;&gt; botox-mhl.de\",\"isPartOf\":{\"@id\":\"https:\\\/\\\/botox-mhl.de\\\/sample-page\\\/#website\"},\"primaryImageOfPage\":{\"@id\":\"https:\\\/\\\/botox-mhl.de\\\/sample-page\\\/anwendungen\\\/#primaryimage\"},\"image\":{\"@id\":\"https:\\\/\\\/botox-mhl.de\\\/sample-page\\\/anwendungen\\\/#primaryimage\"},\"thumbnailUrl\":\"https:\\\/\\\/botox-mhl.de\\\/wp-content\\\/uploads\\\/2025\\\/11\\\/uebersicht-botoxHyaluron-1024x683.png\",\"datePublished\":\"2025-11-10T12:09:28+00:00\",\"dateModified\":\"2025-11-11T09:18:55+00:00\",\"breadcrumb\":{\"@id\":\"https:\\\/\\\/botox-mhl.de\\\/sample-page\\\/anwendungen\\\/#breadcrumb\"},\"inLanguage\":\"de\",\"potentialAction\":[{\"@type\":\"ReadAction\",\"target\":[\"https:\\\/\\\/botox-mhl.de\\\/sample-page\\\/anwendungen\\\/\"]}]},{\"@type\":\"ImageObject\",\"inLanguage\":\"de\",\"@id\":\"https:\\\/\\\/botox-mhl.de\\\/sample-page\\\/anwendungen\\\/#primaryimage\",\"url\":\"https:\\\/\\\/botox-mhl.de\\\/wp-content\\\/uploads\\\/2025\\\/11\\\/uebersicht-botoxHyaluron-1024x683.png\",\"contentUrl\":\"https:\\\/\\\/botox-mhl.de\\\/wp-content\\\/uploads\\\/2025\\\/11\\\/uebersicht-botoxHyaluron-1024x683.png\"},{\"@type\":\"BreadcrumbList\",\"@id\":\"https:\\\/\\\/botox-mhl.de\\\/sample-page\\\/anwendungen\\\/#breadcrumb\",\"itemListElement\":[{\"@type\":\"ListItem\",\"position\":1,\"name\":\"Startseite\",\"item\":\"https:\\\/\\\/botox-mhl.de\\\/sample-page\\\/\"},{\"@type\":\"ListItem\",\"position\":2,\"name\":\"Anwendungen\"}]},{\"@type\":\"WebSite\",\"@id\":\"https:\\\/\\\/botox-mhl.de\\\/sample-page\\\/#website\",\"url\":\"https:\\\/\\\/botox-mhl.de\\\/sample-page\\\/\",\"name\":\"J&J Aesthetics botox-mhl.de\",\"description\":\"Ihr kompetenter Botox- und Hyaluronspezialist in M\u00fchlhausen\",\"publisher\":{\"@id\":\"https:\\\/\\\/botox-mhl.de\\\/sample-page\\\/#organization\"},\"potentialAction\":[{\"@type\":\"SearchAction\",\"target\":{\"@type\":\"EntryPoint\",\"urlTemplate\":\"https:\\\/\\\/botox-mhl.de\\\/sample-page\\\/?s={search_term_string}\"},\"query-input\":{\"@type\":\"PropertyValueSpecification\",\"valueRequired\":true,\"valueName\":\"search_term_string\"}}],\"inLanguage\":\"de\"},{\"@type\":\"Organization\",\"@id\":\"https:\\\/\\\/botox-mhl.de\\\/sample-page\\\/#organization\",\"name\":\"botox-mhl.de\",\"url\":\"https:\\\/\\\/botox-mhl.de\\\/sample-page\\\/\",\"logo\":{\"@type\":\"ImageObject\",\"inLanguage\":\"de\",\"@id\":\"https:\\\/\\\/botox-mhl.de\\\/sample-page\\\/#\\\/schema\\\/logo\\\/image\\\/\",\"url\":\"https:\\\/\\\/botox-mhl.de\\\/wp-content\\\/uploads\\\/2025\\\/10\\\/logo-ohne-hintergund-schwarz-3.png\",\"contentUrl\":\"https:\\\/\\\/botox-mhl.de\\\/wp-content\\\/uploads\\\/2025\\\/10\\\/logo-ohne-hintergund-schwarz-3.png\",\"width\":1024,\"height\":1024,\"caption\":\"botox-mhl.de\"},\"image\":{\"@id\":\"https:\\\/\\\/botox-mhl.de\\\/sample-page\\\/#\\\/schema\\\/logo\\\/image\\\/\"}}]}<\/script>\n<!-- \/ Yoast SEO plugin. -->","yoast_head_json":{"title":"Anwendungen - J&amp;J Aesthetics &lt;&gt; botox-mhl.de","robots":{"index":"index","follow":"follow","max-snippet":"max-snippet:-1","max-image-preview":"max-image-preview:large","max-video-preview":"max-video-preview:-1"},"canonical":"https:\/\/botox-mhl.de\/sample-page\/anwendungen\/","og_locale":"de_DE","og_type":"article","og_title":"Anwendungen - J&amp;J Aesthetics &lt;&gt; botox-mhl.de","og_description":"moderne Anwendungen f\u00fcr ein frisches, nat\u00fcrliches Ergebnis In unserer Praxis setzen wir auf minimalinvasive \u00e4sthetische Behandlungen, die sanft, effektiv und pr\u00e4zise sind. Botox und Hyaluron erg\u00e4nzen sich dabei perfekt: W\u00e4hrend Botox mimische Falten gl\u00e4ttet und die Muskeln entspannt, sorgt Hyaluron f\u00fcr Volumenaufbau, Konturierung und Feuchtigkeit von innen. Gemeinsam erm\u00f6glichen beide Verfahren ein harmonisches, nat\u00fcrliches Gesamtbild. [&hellip;]","og_url":"https:\/\/botox-mhl.de\/sample-page\/anwendungen\/","og_site_name":"J&amp;J Aesthetics &lt;&gt; botox-mhl.de","article_modified_time":"2025-11-11T09:18:55+00:00","og_image":[{"url":"https:\/\/botox-mhl.de\/wp-content\/uploads\/2025\/11\/uebersicht-botoxHyaluron-1024x683.png","type":"","width":"","height":""}],"twitter_card":"summary_large_image","twitter_misc":{"Gesch\u00e4tzte Lesezeit":"2\u00a0Minuten"},"schema":{"@context":"https:\/\/schema.org","@graph":[{"@type":"WebPage","@id":"https:\/\/botox-mhl.de\/sample-page\/anwendungen\/","url":"https:\/\/botox-mhl.de\/sample-page\/anwendungen\/","name":"Anwendungen - J&amp;J Aesthetics &lt;&gt; botox-mhl.de","isPartOf":{"@id":"https:\/\/botox-mhl.de\/sample-page\/#website"},"primaryImageOfPage":{"@id":"https:\/\/botox-mhl.de\/sample-page\/anwendungen\/#primaryimage"},"image":{"@id":"https:\/\/botox-mhl.de\/sample-page\/anwendungen\/#primaryimage"},"thumbnailUrl":"https:\/\/botox-mhl.de\/wp-content\/uploads\/2025\/11\/uebersicht-botoxHyaluron-1024x683.png","datePublished":"2025-11-10T12:09:28+00:00","dateModified":"2025-11-11T09:18:55+00:00","breadcrumb":{"@id":"https:\/\/botox-mhl.de\/sample-page\/anwendungen\/#breadcrumb"},"inLanguage":"de","potentialAction":[{"@type":"ReadAction","target":["https:\/\/botox-mhl.de\/sample-page\/anwendungen\/"]}]},{"@type":"ImageObject","inLanguage":"de","@id":"https:\/\/botox-mhl.de\/sample-page\/anwendungen\/#primaryimage","url":"https:\/\/botox-mhl.de\/wp-content\/uploads\/2025\/11\/uebersicht-botoxHyaluron-1024x683.png","contentUrl":"https:\/\/botox-mhl.de\/wp-content\/uploads\/2025\/11\/uebersicht-botoxHyaluron-1024x683.png"},{"@type":"BreadcrumbList","@id":"https:\/\/botox-mhl.de\/sample-page\/anwendungen\/#breadcrumb","itemListElement":[{"@type":"ListItem","position":1,"name":"Startseite","item":"https:\/\/botox-mhl.de\/sample-page\/"},{"@type":"ListItem","position":2,"name":"Anwendungen"}]},{"@type":"WebSite","@id":"https:\/\/botox-mhl.de\/sample-page\/#website","url":"https:\/\/botox-mhl.de\/sample-page\/","name":"J&J Aesthetics botox-mhl.de","description":"Ihr kompetenter Botox- und Hyaluronspezialist in M\u00fchlhausen","publisher":{"@id":"https:\/\/botox-mhl.de\/sample-page\/#organization"},"potentialAction":[{"@type":"SearchAction","target":{"@type":"EntryPoint","urlTemplate":"https:\/\/botox-mhl.de\/sample-page\/?s={search_term_string}"},"query-input":{"@type":"PropertyValueSpecification","valueRequired":true,"valueName":"search_term_string"}}],"inLanguage":"de"},{"@type":"Organization","@id":"https:\/\/botox-mhl.de\/sample-page\/#organization","name":"botox-mhl.de","url":"https:\/\/botox-mhl.de\/sample-page\/","logo":{"@type":"ImageObject","inLanguage":"de","@id":"https:\/\/botox-mhl.de\/sample-page\/#\/schema\/logo\/image\/","url":"https:\/\/botox-mhl.de\/wp-content\/uploads\/2025\/10\/logo-ohne-hintergund-schwarz-3.png","contentUrl":"https:\/\/botox-mhl.de\/wp-content\/uploads\/2025\/10\/logo-ohne-hintergund-schwarz-3.png","width":1024,"height":1024,"caption":"botox-mhl.de"},"image":{"@id":"https:\/\/botox-mhl.de\/sample-page\/#\/schema\/logo\/image\/"}}]}},"_links":{"self":[{"href":"https:\/\/botox-mhl.de\/sample-page\/wp-json\/wp\/v2\/pages\/168","targetHints":{"allow":["GET"]}}],"collection":[{"href":"https:\/\/botox-mhl.de\/sample-page\/wp-json\/wp\/v2\/pages"}],"about":[{"href":"https:\/\/botox-mhl.de\/sample-page\/wp-json\/wp\/v2\/types\/page"}],"author":[{"embeddable":true,"href":"https:\/\/botox-mhl.de\/sample-page\/wp-json\/wp\/v2\/users\/1"}],"replies":[{"embeddable":true,"href":"https:\/\/botox-mhl.de\/sample-page\/wp-json\/wp\/v2\/comments?post=168"}],"version-history":[{"count":4,"href":"https:\/\/botox-mhl.de\/sample-page\/wp-json\/wp\/v2\/pages\/168\/revisions"}],"predecessor-version":[{"id":181,"href":"https:\/\/botox-mhl.de\/sample-page\/wp-json\/wp\/v2\/pages\/168\/revisions\/181"}],"wp:attachment":[{"href":"https:\/\/botox-mhl.de\/sample-page\/wp-json\/wp\/v2\/media?parent=168"}],"curies":[{"name":"wp","href":"https:\/\/api.w.org\/{rel}","templated":true}]}}