{"id":113,"date":"2025-10-23T08:56:38","date_gmt":"2025-10-23T08:56:38","guid":{"rendered":"http:\/\/botox-mhl.de\/?page_id=113"},"modified":"2025-10-23T09:24:07","modified_gmt":"2025-10-23T09:24:07","slug":"jj-aesthetics-botox-hyaluron","status":"publish","type":"page","link":"https:\/\/botox-mhl.de\/sample-page\/","title":{"rendered":"J&amp;J Aesthetics &#8211;                 Botox &amp; Hyaluron"},"content":{"rendered":"\n<p><strong>Sch\u00f6nheit beginnt mit Vertrauen<\/strong>.<\/p>\n\n\n\n<p><br>Ab&nbsp;<strong>November 2025&nbsp;<\/strong>er\u00f6ffnen wir unsere Praxis f\u00fcr \u00e4sthetische Medizin in&nbsp;<strong>M\u00fchlhausen<\/strong>&nbsp;\u2013 ein Ort, an dem&nbsp;<strong>medizinische Expertise<\/strong>&nbsp;und&nbsp;<strong>\u00e4sthetisches Feingef\u00fchl<\/strong>&nbsp;aufeinandertreffen.<\/p>\n\n\n\n<p>Ob&nbsp;<strong>Botox<\/strong>,&nbsp;<strong>Hyaluron<\/strong>&nbsp;oder individuelle Behandlungskonzepte \u2013 wir setzen auf&nbsp;<strong>nat\u00fcrliche Ergebnisse<\/strong>, die Ihre Pers\u00f6nlichkeit unterstreichen.<\/p>\n\n\n\n<p><br>Mit Erfahrung, Pr\u00e4zision und Leidenschaft begleiten wir Sie auf dem Weg zu einem frischen, harmonischen Aussehen.<\/p>\n\n\n\n<p style=\"padding-top:var(--wp--preset--spacing--20);padding-bottom:var(--wp--preset--spacing--20)\">Schon neugierig?<br>Kontaktieren Sie uns unter :\u00a0<strong><a href=\"mailto:info@botox-mhl.de\">info@botox-mhl.d<\/a><a href=\"mailto:nfo@botox-mhl.de\">e<\/a><\/strong><\/p>\n","protected":false},"excerpt":{"rendered":"<p>Sch\u00f6nheit beginnt mit Vertrauen. Ab&nbsp;November 2025&nbsp;er\u00f6ffnen wir unsere Praxis f\u00fcr \u00e4sthetische Medizin in&nbsp;M\u00fchlhausen&nbsp;\u2013 ein Ort, an dem&nbsp;medizinische Expertise&nbsp;und&nbsp;\u00e4sthetisches Feingef\u00fchl&nbsp;aufeinandertreffen. Ob&nbsp;Botox,&nbsp;Hyaluron&nbsp;oder individuelle Behandlungskonzepte \u2013 wir setzen auf&nbsp;nat\u00fcrliche Ergebnisse, die Ihre Pers\u00f6nlichkeit unterstreichen. Mit Erfahrung, Pr\u00e4zision und Leidenschaft begleiten wir Sie auf dem Weg zu einem frischen, harmonischen Aussehen. Schon neugierig?Kontaktieren Sie uns unter :\u00a0info@botox-mhl.de<\/p>\n","protected":false},"author":1,"featured_media":0,"parent":0,"menu_order":0,"comment_status":"closed","ping_status":"closed","template":"","meta":{"footnotes":""},"class_list":["post-113","page","type-page","status-publish","hentry"],"yoast_head":"<!-- This site is optimized with the Yoast SEO plugin v27.3 - https:\/\/yoast.com\/product\/yoast-seo-wordpress\/ -->\n<title>J&amp;J Aesthetics -         Botox &amp; Hyaluron - J&amp;J Aesthetics &lt;&gt; botox-mhl.de<\/title>\n<meta name=\"robots\" content=\"index, follow, max-snippet:-1, max-image-preview:large, max-video-preview:-1\" \/>\n<link rel=\"canonical\" href=\"https:\/\/botox-mhl.de\/sample-page\/\" \/>\n<meta property=\"og:locale\" content=\"de_DE\" \/>\n<meta property=\"og:type\" content=\"article\" \/>\n<meta property=\"og:title\" content=\"J&amp;J Aesthetics -         Botox &amp; Hyaluron - J&amp;J Aesthetics &lt;&gt; botox-mhl.de\" \/>\n<meta property=\"og:description\" content=\"Sch\u00f6nheit beginnt mit Vertrauen. Ab&nbsp;November 2025&nbsp;er\u00f6ffnen wir unsere Praxis f\u00fcr \u00e4sthetische Medizin in&nbsp;M\u00fchlhausen&nbsp;\u2013 ein Ort, an dem&nbsp;medizinische Expertise&nbsp;und&nbsp;\u00e4sthetisches Feingef\u00fchl&nbsp;aufeinandertreffen. Ob&nbsp;Botox,&nbsp;Hyaluron&nbsp;oder individuelle Behandlungskonzepte \u2013 wir setzen auf&nbsp;nat\u00fcrliche Ergebnisse, die Ihre Pers\u00f6nlichkeit unterstreichen. Mit Erfahrung, Pr\u00e4zision und Leidenschaft begleiten wir Sie auf dem Weg zu einem frischen, harmonischen Aussehen. Schon neugierig?Kontaktieren Sie uns unter :\u00a0info@botox-mhl.de\" \/>\n<meta property=\"og:url\" content=\"https:\/\/botox-mhl.de\/sample-page\/\" \/>\n<meta property=\"og:site_name\" content=\"J&amp;J Aesthetics &lt;&gt; botox-mhl.de\" \/>\n<meta property=\"article:modified_time\" content=\"2025-10-23T09:24:07+00:00\" \/>\n<meta name=\"twitter:card\" content=\"summary_large_image\" \/>\n<script type=\"application\/ld+json\" class=\"yoast-schema-graph\">{\"@context\":\"https:\\\/\\\/schema.org\",\"@graph\":[{\"@type\":\"WebPage\",\"@id\":\"https:\\\/\\\/botox-mhl.de\\\/sample-page\\\/\",\"url\":\"https:\\\/\\\/botox-mhl.de\\\/sample-page\\\/\",\"name\":\"J&amp;J Aesthetics - Botox &amp; Hyaluron - J&amp;J Aesthetics &lt;&gt; botox-mhl.de\",\"isPartOf\":{\"@id\":\"https:\\\/\\\/botox-mhl.de\\\/sample-page\\\/#website\"},\"datePublished\":\"2025-10-23T08:56:38+00:00\",\"dateModified\":\"2025-10-23T09:24:07+00:00\",\"breadcrumb\":{\"@id\":\"https:\\\/\\\/botox-mhl.de\\\/sample-page\\\/#breadcrumb\"},\"inLanguage\":\"de\",\"potentialAction\":[{\"@type\":\"ReadAction\",\"target\":[\"https:\\\/\\\/botox-mhl.de\\\/sample-page\\\/\"]}]},{\"@type\":\"BreadcrumbList\",\"@id\":\"https:\\\/\\\/botox-mhl.de\\\/sample-page\\\/#breadcrumb\",\"itemListElement\":[{\"@type\":\"ListItem\",\"position\":1,\"name\":\"Startseite\",\"item\":\"https:\\\/\\\/botox-mhl.de\\\/sample-page\\\/\"},{\"@type\":\"ListItem\",\"position\":2,\"name\":\"J&amp;J Aesthetics &#8211; Botox &amp; Hyaluron\"}]},{\"@type\":\"WebSite\",\"@id\":\"https:\\\/\\\/botox-mhl.de\\\/sample-page\\\/#website\",\"url\":\"https:\\\/\\\/botox-mhl.de\\\/sample-page\\\/\",\"name\":\"J&J Aesthetics botox-mhl.de\",\"description\":\"Ihr kompetenter Botox- und Hyaluronspezialist in M\u00fchlhausen\",\"publisher\":{\"@id\":\"https:\\\/\\\/botox-mhl.de\\\/sample-page\\\/#organization\"},\"potentialAction\":[{\"@type\":\"SearchAction\",\"target\":{\"@type\":\"EntryPoint\",\"urlTemplate\":\"https:\\\/\\\/botox-mhl.de\\\/sample-page\\\/?s={search_term_string}\"},\"query-input\":{\"@type\":\"PropertyValueSpecification\",\"valueRequired\":true,\"valueName\":\"search_term_string\"}}],\"inLanguage\":\"de\"},{\"@type\":\"Organization\",\"@id\":\"https:\\\/\\\/botox-mhl.de\\\/sample-page\\\/#organization\",\"name\":\"botox-mhl.de\",\"url\":\"https:\\\/\\\/botox-mhl.de\\\/sample-page\\\/\",\"logo\":{\"@type\":\"ImageObject\",\"inLanguage\":\"de\",\"@id\":\"https:\\\/\\\/botox-mhl.de\\\/sample-page\\\/#\\\/schema\\\/logo\\\/image\\\/\",\"url\":\"https:\\\/\\\/botox-mhl.de\\\/wp-content\\\/uploads\\\/2025\\\/10\\\/logo-ohne-hintergund-schwarz-3.png\",\"contentUrl\":\"https:\\\/\\\/botox-mhl.de\\\/wp-content\\\/uploads\\\/2025\\\/10\\\/logo-ohne-hintergund-schwarz-3.png\",\"width\":1024,\"height\":1024,\"caption\":\"botox-mhl.de\"},\"image\":{\"@id\":\"https:\\\/\\\/botox-mhl.de\\\/sample-page\\\/#\\\/schema\\\/logo\\\/image\\\/\"}}]}<\/script>\n<!-- \/ Yoast SEO plugin. -->","yoast_head_json":{"title":"J&amp;J Aesthetics -         Botox &amp; Hyaluron - J&amp;J Aesthetics &lt;&gt; botox-mhl.de","robots":{"index":"index","follow":"follow","max-snippet":"max-snippet:-1","max-image-preview":"max-image-preview:large","max-video-preview":"max-video-preview:-1"},"canonical":"https:\/\/botox-mhl.de\/sample-page\/","og_locale":"de_DE","og_type":"article","og_title":"J&amp;J Aesthetics -         Botox &amp; Hyaluron - J&amp;J Aesthetics &lt;&gt; botox-mhl.de","og_description":"Sch\u00f6nheit beginnt mit Vertrauen. Ab&nbsp;November 2025&nbsp;er\u00f6ffnen wir unsere Praxis f\u00fcr \u00e4sthetische Medizin in&nbsp;M\u00fchlhausen&nbsp;\u2013 ein Ort, an dem&nbsp;medizinische Expertise&nbsp;und&nbsp;\u00e4sthetisches Feingef\u00fchl&nbsp;aufeinandertreffen. Ob&nbsp;Botox,&nbsp;Hyaluron&nbsp;oder individuelle Behandlungskonzepte \u2013 wir setzen auf&nbsp;nat\u00fcrliche Ergebnisse, die Ihre Pers\u00f6nlichkeit unterstreichen. Mit Erfahrung, Pr\u00e4zision und Leidenschaft begleiten wir Sie auf dem Weg zu einem frischen, harmonischen Aussehen. Schon neugierig?Kontaktieren Sie uns unter :\u00a0info@botox-mhl.de","og_url":"https:\/\/botox-mhl.de\/sample-page\/","og_site_name":"J&amp;J Aesthetics &lt;&gt; botox-mhl.de","article_modified_time":"2025-10-23T09:24:07+00:00","twitter_card":"summary_large_image","schema":{"@context":"https:\/\/schema.org","@graph":[{"@type":"WebPage","@id":"https:\/\/botox-mhl.de\/sample-page\/","url":"https:\/\/botox-mhl.de\/sample-page\/","name":"J&amp;J Aesthetics - Botox &amp; Hyaluron - J&amp;J Aesthetics &lt;&gt; botox-mhl.de","isPartOf":{"@id":"https:\/\/botox-mhl.de\/sample-page\/#website"},"datePublished":"2025-10-23T08:56:38+00:00","dateModified":"2025-10-23T09:24:07+00:00","breadcrumb":{"@id":"https:\/\/botox-mhl.de\/sample-page\/#breadcrumb"},"inLanguage":"de","potentialAction":[{"@type":"ReadAction","target":["https:\/\/botox-mhl.de\/sample-page\/"]}]},{"@type":"BreadcrumbList","@id":"https:\/\/botox-mhl.de\/sample-page\/#breadcrumb","itemListElement":[{"@type":"ListItem","position":1,"name":"Startseite","item":"https:\/\/botox-mhl.de\/sample-page\/"},{"@type":"ListItem","position":2,"name":"J&amp;J Aesthetics &#8211; Botox &amp; Hyaluron"}]},{"@type":"WebSite","@id":"https:\/\/botox-mhl.de\/sample-page\/#website","url":"https:\/\/botox-mhl.de\/sample-page\/","name":"J&J Aesthetics botox-mhl.de","description":"Ihr kompetenter Botox- und Hyaluronspezialist in M\u00fchlhausen","publisher":{"@id":"https:\/\/botox-mhl.de\/sample-page\/#organization"},"potentialAction":[{"@type":"SearchAction","target":{"@type":"EntryPoint","urlTemplate":"https:\/\/botox-mhl.de\/sample-page\/?s={search_term_string}"},"query-input":{"@type":"PropertyValueSpecification","valueRequired":true,"valueName":"search_term_string"}}],"inLanguage":"de"},{"@type":"Organization","@id":"https:\/\/botox-mhl.de\/sample-page\/#organization","name":"botox-mhl.de","url":"https:\/\/botox-mhl.de\/sample-page\/","logo":{"@type":"ImageObject","inLanguage":"de","@id":"https:\/\/botox-mhl.de\/sample-page\/#\/schema\/logo\/image\/","url":"https:\/\/botox-mhl.de\/wp-content\/uploads\/2025\/10\/logo-ohne-hintergund-schwarz-3.png","contentUrl":"https:\/\/botox-mhl.de\/wp-content\/uploads\/2025\/10\/logo-ohne-hintergund-schwarz-3.png","width":1024,"height":1024,"caption":"botox-mhl.de"},"image":{"@id":"https:\/\/botox-mhl.de\/sample-page\/#\/schema\/logo\/image\/"}}]}},"_links":{"self":[{"href":"https:\/\/botox-mhl.de\/sample-page\/wp-json\/wp\/v2\/pages\/113","targetHints":{"allow":["GET"]}}],"collection":[{"href":"https:\/\/botox-mhl.de\/sample-page\/wp-json\/wp\/v2\/pages"}],"about":[{"href":"https:\/\/botox-mhl.de\/sample-page\/wp-json\/wp\/v2\/types\/page"}],"author":[{"embeddable":true,"href":"https:\/\/botox-mhl.de\/sample-page\/wp-json\/wp\/v2\/users\/1"}],"replies":[{"embeddable":true,"href":"https:\/\/botox-mhl.de\/sample-page\/wp-json\/wp\/v2\/comments?post=113"}],"version-history":[{"count":2,"href":"https:\/\/botox-mhl.de\/sample-page\/wp-json\/wp\/v2\/pages\/113\/revisions"}],"predecessor-version":[{"id":125,"href":"https:\/\/botox-mhl.de\/sample-page\/wp-json\/wp\/v2\/pages\/113\/revisions\/125"}],"wp:attachment":[{"href":"https:\/\/botox-mhl.de\/sample-page\/wp-json\/wp\/v2\/media?parent=113"}],"curies":[{"name":"wp","href":"https:\/\/api.w.org\/{rel}","templated":true}]}}