{"id":91,"date":"2025-10-23T08:20:24","date_gmt":"2025-10-23T08:20:24","guid":{"rendered":"http:\/\/botox-mhl.de\/?page_id=91"},"modified":"2025-10-23T09:21:58","modified_gmt":"2025-10-23T09:21:58","slug":"impressum","status":"publish","type":"page","link":"http:\/\/botox-mhl.de\/sample-page\/impressum\/","title":{"rendered":"Impressum"},"content":{"rendered":"\n<div class=\"wp-block-group alignfull has-global-padding is-layout-constrained wp-block-group-is-layout-constrained\" style=\"margin-top:0;margin-bottom:0\"><\/div>\n\n\n\n<div class=\"wp-block-group alignfull has-global-padding is-layout-constrained wp-block-group-is-layout-constrained\" style=\"margin-top:0;margin-bottom:0;padding-top:var(--wp--preset--spacing--50);padding-bottom:var(--wp--preset--spacing--50)\">\n<div class=\"wp-block-columns alignwide is-layout-flex wp-container-core-columns-is-layout-fa584acd wp-block-columns-is-layout-flex\">\n<div class=\"wp-block-column is-vertically-aligned-center is-layout-flow wp-block-column-is-layout-flow\">\n<h2 class=\"wp-block-heading has-xx-large-font-size\"><\/h2>\n\n\n\n<p class=\"has-medium-font-size\"><strong>Angaben gem\u00e4\u00df \u00a7 5 TMG<\/strong><\/p>\n\n\n\n<p><strong>Jessica Hahn<\/strong><br><em>J&amp;J Aesthetics \u2013 Botox &amp; Hyaluron<\/em><br>Uhlandweg 9<br>99974 M\u00fchlhausen \/ Th\u00fcringen<br>Deutschland<\/p>\n\n\n\n<p><strong>Kontakt:<\/strong><br>E-Mail: <a>info@botox-mhl.de<\/a><\/p>\n\n\n\n<p><strong>Berufsbezeichnung:<\/strong><br>\u00c4rztin (verliehen in der Bundesrepublik Deutschland)<\/p>\n\n\n\n<p><strong>Berufsaufsichtsbeh\u00f6rde \/ Kammer:<\/strong><br>Landes\u00e4rztekammer Th\u00fcringen<br>Im Semmicht 33<br>07751 Jena<br><a>www.laek-thueringen.de<\/a><\/p>\n\n\n\n<p><strong>Berufliche Regelungen:<\/strong><br>Es gelten die berufsrechtlichen Regelungen der <strong>(Muster-)Berufsordnung f\u00fcr \u00c4rztinnen und \u00c4rzte<\/strong> in der jeweils g\u00fcltigen Fassung.<br>Die aktuellen Regelungen k\u00f6nnen auf der Website der Landes\u00e4rztekammer Th\u00fcringen eingesehen werden.<\/p>\n\n\n\n<p><strong>Verantwortlich f\u00fcr den Inhalt nach \u00a7 55 Abs. 2 RStV:<\/strong><br>Jessica Hahn<br>Uhlandweg 9<br>99974 M\u00fchlhausen<\/p>\n\n\n\n<hr class=\"wp-block-separator has-alpha-channel-opacity\"\/>\n\n\n\n<h3 class=\"wp-block-heading\"><strong>Haftungsausschluss<\/strong><\/h3>\n\n\n\n<p>Trotz sorgf\u00e4ltiger inhaltlicher Kontrolle \u00fcbernimmt die Betreiberin keine Haftung f\u00fcr die Inhalte externer Links.<br>F\u00fcr den Inhalt der verlinkten Seiten sind ausschlie\u00dflich deren Betreiber verantwortlich.<\/p>\n\n\n\n<p>Die Inhalte dieser Website dienen ausschlie\u00dflich der allgemeinen Information.<br>Sie ersetzen keine pers\u00f6nliche \u00e4rztliche Beratung oder Behandlung.<\/p>\n\n\n\n<hr class=\"wp-block-separator has-alpha-channel-opacity\"\/>\n\n\n\n<h3 class=\"wp-block-heading\"><strong>Urheberrecht<\/strong><\/h3>\n\n\n\n<p class=\"has-medium-font-size\">Alle auf dieser Website verwendeten Texte, Fotos, Grafiken und Designs unterliegen dem Urheberrecht.<br>Jegliche Vervielf\u00e4ltigung oder Weiterverwendung bedarf der ausdr\u00fccklichen Zustimmung der Betreiberin<\/p>\n<\/div>\n\n\n\n<div class=\"wp-block-column is-vertically-aligned-center is-layout-flow wp-block-column-is-layout-flow\"><\/div>\n<\/div>\n<\/div>\n\n\n\n<div class=\"wp-block-group alignfull has-global-padding is-layout-constrained wp-block-group-is-layout-constrained\" style=\"margin-top:0;margin-bottom:0\">\n<div class=\"wp-block-group alignwide is-layout-flow wp-container-core-group-is-layout-d58a0413 wp-block-group-is-layout-flow\" style=\"padding-top:var(--wp--preset--spacing--50);padding-bottom:var(--wp--preset--spacing--50)\"><\/div>\n<\/div>\n","protected":false},"excerpt":{"rendered":"<p>Angaben gem\u00e4\u00df \u00a7 5 TMG Jessica HahnJ&amp;J Aesthetics \u2013 Botox &amp; HyaluronUhlandweg 999974 M\u00fchlhausen \/ Th\u00fcringenDeutschland Kontakt:E-Mail: info@botox-mhl.de Berufsbezeichnung:\u00c4rztin (verliehen in der Bundesrepublik Deutschland) Berufsaufsichtsbeh\u00f6rde \/ Kammer:Landes\u00e4rztekammer Th\u00fcringenIm Semmicht 3307751 Jenawww.laek-thueringen.de Berufliche Regelungen:Es gelten die berufsrechtlichen Regelungen der (Muster-)Berufsordnung f\u00fcr \u00c4rztinnen und \u00c4rzte in der jeweils g\u00fcltigen Fassung.Die aktuellen Regelungen k\u00f6nnen auf der Website der [&hellip;]<\/p>\n","protected":false},"author":1,"featured_media":0,"parent":0,"menu_order":0,"comment_status":"closed","ping_status":"closed","template":"","meta":{"footnotes":""},"class_list":["post-91","page","type-page","status-publish","hentry"],"yoast_head":"<!-- This site is optimized with the Yoast SEO plugin v27.3 - https:\/\/yoast.com\/product\/yoast-seo-wordpress\/ -->\n<title>Impressum - J&amp;J Aesthetics &lt;&gt; botox-mhl.de<\/title>\n<meta name=\"robots\" content=\"index, follow, max-snippet:-1, max-image-preview:large, max-video-preview:-1\" \/>\n<link rel=\"canonical\" href=\"http:\/\/botox-mhl.de\/sample-page\/impressum\/\" \/>\n<meta property=\"og:locale\" content=\"de_DE\" \/>\n<meta property=\"og:type\" content=\"article\" \/>\n<meta property=\"og:title\" content=\"Impressum - J&amp;J Aesthetics &lt;&gt; botox-mhl.de\" \/>\n<meta property=\"og:description\" content=\"Angaben gem\u00e4\u00df \u00a7 5 TMG Jessica HahnJ&amp;J Aesthetics \u2013 Botox &amp; HyaluronUhlandweg 999974 M\u00fchlhausen \/ Th\u00fcringenDeutschland Kontakt:E-Mail: info@botox-mhl.de Berufsbezeichnung:\u00c4rztin (verliehen in der Bundesrepublik Deutschland) Berufsaufsichtsbeh\u00f6rde \/ Kammer:Landes\u00e4rztekammer Th\u00fcringenIm Semmicht 3307751 Jenawww.laek-thueringen.de Berufliche Regelungen:Es gelten die berufsrechtlichen Regelungen der (Muster-)Berufsordnung f\u00fcr \u00c4rztinnen und \u00c4rzte in der jeweils g\u00fcltigen Fassung.Die aktuellen Regelungen k\u00f6nnen auf der Website der [&hellip;]\" \/>\n<meta property=\"og:url\" content=\"http:\/\/botox-mhl.de\/sample-page\/impressum\/\" \/>\n<meta property=\"og:site_name\" content=\"J&amp;J Aesthetics &lt;&gt; botox-mhl.de\" \/>\n<meta property=\"article:modified_time\" content=\"2025-10-23T09:21:58+00:00\" \/>\n<meta name=\"twitter:card\" content=\"summary_large_image\" \/>\n<meta name=\"twitter:label1\" content=\"Gesch\u00e4tzte Lesezeit\" \/>\n\t<meta name=\"twitter:data1\" content=\"1\u00a0Minute\" \/>\n<script type=\"application\/ld+json\" class=\"yoast-schema-graph\">{\"@context\":\"https:\\\/\\\/schema.org\",\"@graph\":[{\"@type\":\"WebPage\",\"@id\":\"http:\\\/\\\/botox-mhl.de\\\/sample-page\\\/impressum\\\/\",\"url\":\"http:\\\/\\\/botox-mhl.de\\\/sample-page\\\/impressum\\\/\",\"name\":\"Impressum - J&amp;J Aesthetics &lt;&gt; botox-mhl.de\",\"isPartOf\":{\"@id\":\"https:\\\/\\\/botox-mhl.de\\\/sample-page\\\/#website\"},\"datePublished\":\"2025-10-23T08:20:24+00:00\",\"dateModified\":\"2025-10-23T09:21:58+00:00\",\"breadcrumb\":{\"@id\":\"http:\\\/\\\/botox-mhl.de\\\/sample-page\\\/impressum\\\/#breadcrumb\"},\"inLanguage\":\"de\",\"potentialAction\":[{\"@type\":\"ReadAction\",\"target\":[\"http:\\\/\\\/botox-mhl.de\\\/sample-page\\\/impressum\\\/\"]}]},{\"@type\":\"BreadcrumbList\",\"@id\":\"http:\\\/\\\/botox-mhl.de\\\/sample-page\\\/impressum\\\/#breadcrumb\",\"itemListElement\":[{\"@type\":\"ListItem\",\"position\":1,\"name\":\"Startseite\",\"item\":\"https:\\\/\\\/botox-mhl.de\\\/sample-page\\\/\"},{\"@type\":\"ListItem\",\"position\":2,\"name\":\"Impressum\"}]},{\"@type\":\"WebSite\",\"@id\":\"https:\\\/\\\/botox-mhl.de\\\/sample-page\\\/#website\",\"url\":\"https:\\\/\\\/botox-mhl.de\\\/sample-page\\\/\",\"name\":\"J&J Aesthetics botox-mhl.de\",\"description\":\"Ihr kompetenter Botox- und Hyaluronspezialist in M\u00fchlhausen\",\"publisher\":{\"@id\":\"https:\\\/\\\/botox-mhl.de\\\/sample-page\\\/#organization\"},\"potentialAction\":[{\"@type\":\"SearchAction\",\"target\":{\"@type\":\"EntryPoint\",\"urlTemplate\":\"https:\\\/\\\/botox-mhl.de\\\/sample-page\\\/?s={search_term_string}\"},\"query-input\":{\"@type\":\"PropertyValueSpecification\",\"valueRequired\":true,\"valueName\":\"search_term_string\"}}],\"inLanguage\":\"de\"},{\"@type\":\"Organization\",\"@id\":\"https:\\\/\\\/botox-mhl.de\\\/sample-page\\\/#organization\",\"name\":\"botox-mhl.de\",\"url\":\"https:\\\/\\\/botox-mhl.de\\\/sample-page\\\/\",\"logo\":{\"@type\":\"ImageObject\",\"inLanguage\":\"de\",\"@id\":\"https:\\\/\\\/botox-mhl.de\\\/sample-page\\\/#\\\/schema\\\/logo\\\/image\\\/\",\"url\":\"http:\\\/\\\/botox-mhl.de\\\/wp-content\\\/uploads\\\/2025\\\/10\\\/logo-ohne-hintergund-schwarz-3.png\",\"contentUrl\":\"http:\\\/\\\/botox-mhl.de\\\/wp-content\\\/uploads\\\/2025\\\/10\\\/logo-ohne-hintergund-schwarz-3.png\",\"width\":1024,\"height\":1024,\"caption\":\"botox-mhl.de\"},\"image\":{\"@id\":\"https:\\\/\\\/botox-mhl.de\\\/sample-page\\\/#\\\/schema\\\/logo\\\/image\\\/\"}}]}<\/script>\n<!-- \/ Yoast SEO plugin. -->","yoast_head_json":{"title":"Impressum - J&amp;J Aesthetics &lt;&gt; botox-mhl.de","robots":{"index":"index","follow":"follow","max-snippet":"max-snippet:-1","max-image-preview":"max-image-preview:large","max-video-preview":"max-video-preview:-1"},"canonical":"http:\/\/botox-mhl.de\/sample-page\/impressum\/","og_locale":"de_DE","og_type":"article","og_title":"Impressum - J&amp;J Aesthetics &lt;&gt; botox-mhl.de","og_description":"Angaben gem\u00e4\u00df \u00a7 5 TMG Jessica HahnJ&amp;J Aesthetics \u2013 Botox &amp; HyaluronUhlandweg 999974 M\u00fchlhausen \/ Th\u00fcringenDeutschland Kontakt:E-Mail: info@botox-mhl.de Berufsbezeichnung:\u00c4rztin (verliehen in der Bundesrepublik Deutschland) Berufsaufsichtsbeh\u00f6rde \/ Kammer:Landes\u00e4rztekammer Th\u00fcringenIm Semmicht 3307751 Jenawww.laek-thueringen.de Berufliche Regelungen:Es gelten die berufsrechtlichen Regelungen der (Muster-)Berufsordnung f\u00fcr \u00c4rztinnen und \u00c4rzte in der jeweils g\u00fcltigen Fassung.Die aktuellen Regelungen k\u00f6nnen auf der Website der [&hellip;]","og_url":"http:\/\/botox-mhl.de\/sample-page\/impressum\/","og_site_name":"J&amp;J Aesthetics &lt;&gt; botox-mhl.de","article_modified_time":"2025-10-23T09:21:58+00:00","twitter_card":"summary_large_image","twitter_misc":{"Gesch\u00e4tzte Lesezeit":"1\u00a0Minute"},"schema":{"@context":"https:\/\/schema.org","@graph":[{"@type":"WebPage","@id":"http:\/\/botox-mhl.de\/sample-page\/impressum\/","url":"http:\/\/botox-mhl.de\/sample-page\/impressum\/","name":"Impressum - J&amp;J Aesthetics &lt;&gt; botox-mhl.de","isPartOf":{"@id":"https:\/\/botox-mhl.de\/sample-page\/#website"},"datePublished":"2025-10-23T08:20:24+00:00","dateModified":"2025-10-23T09:21:58+00:00","breadcrumb":{"@id":"http:\/\/botox-mhl.de\/sample-page\/impressum\/#breadcrumb"},"inLanguage":"de","potentialAction":[{"@type":"ReadAction","target":["http:\/\/botox-mhl.de\/sample-page\/impressum\/"]}]},{"@type":"BreadcrumbList","@id":"http:\/\/botox-mhl.de\/sample-page\/impressum\/#breadcrumb","itemListElement":[{"@type":"ListItem","position":1,"name":"Startseite","item":"https:\/\/botox-mhl.de\/sample-page\/"},{"@type":"ListItem","position":2,"name":"Impressum"}]},{"@type":"WebSite","@id":"https:\/\/botox-mhl.de\/sample-page\/#website","url":"https:\/\/botox-mhl.de\/sample-page\/","name":"J&J Aesthetics botox-mhl.de","description":"Ihr kompetenter Botox- und Hyaluronspezialist in M\u00fchlhausen","publisher":{"@id":"https:\/\/botox-mhl.de\/sample-page\/#organization"},"potentialAction":[{"@type":"SearchAction","target":{"@type":"EntryPoint","urlTemplate":"https:\/\/botox-mhl.de\/sample-page\/?s={search_term_string}"},"query-input":{"@type":"PropertyValueSpecification","valueRequired":true,"valueName":"search_term_string"}}],"inLanguage":"de"},{"@type":"Organization","@id":"https:\/\/botox-mhl.de\/sample-page\/#organization","name":"botox-mhl.de","url":"https:\/\/botox-mhl.de\/sample-page\/","logo":{"@type":"ImageObject","inLanguage":"de","@id":"https:\/\/botox-mhl.de\/sample-page\/#\/schema\/logo\/image\/","url":"http:\/\/botox-mhl.de\/wp-content\/uploads\/2025\/10\/logo-ohne-hintergund-schwarz-3.png","contentUrl":"http:\/\/botox-mhl.de\/wp-content\/uploads\/2025\/10\/logo-ohne-hintergund-schwarz-3.png","width":1024,"height":1024,"caption":"botox-mhl.de"},"image":{"@id":"https:\/\/botox-mhl.de\/sample-page\/#\/schema\/logo\/image\/"}}]}},"_links":{"self":[{"href":"http:\/\/botox-mhl.de\/sample-page\/wp-json\/wp\/v2\/pages\/91","targetHints":{"allow":["GET"]}}],"collection":[{"href":"http:\/\/botox-mhl.de\/sample-page\/wp-json\/wp\/v2\/pages"}],"about":[{"href":"http:\/\/botox-mhl.de\/sample-page\/wp-json\/wp\/v2\/types\/page"}],"author":[{"embeddable":true,"href":"http:\/\/botox-mhl.de\/sample-page\/wp-json\/wp\/v2\/users\/1"}],"replies":[{"embeddable":true,"href":"http:\/\/botox-mhl.de\/sample-page\/wp-json\/wp\/v2\/comments?post=91"}],"version-history":[{"count":3,"href":"http:\/\/botox-mhl.de\/sample-page\/wp-json\/wp\/v2\/pages\/91\/revisions"}],"predecessor-version":[{"id":123,"href":"http:\/\/botox-mhl.de\/sample-page\/wp-json\/wp\/v2\/pages\/91\/revisions\/123"}],"wp:attachment":[{"href":"http:\/\/botox-mhl.de\/sample-page\/wp-json\/wp\/v2\/media?parent=91"}],"curies":[{"name":"wp","href":"https:\/\/api.w.org\/{rel}","templated":true}]}}