{"id":143,"date":"2025-10-29T09:19:52","date_gmt":"2025-10-29T09:19:52","guid":{"rendered":"http:\/\/botox-mhl.de\/sample-page\/?page_id=143"},"modified":"2025-11-10T08:22:56","modified_gmt":"2025-11-10T08:22:56","slug":"ueber-uns","status":"publish","type":"page","link":"http:\/\/botox-mhl.de\/sample-page\/ueber-uns\/","title":{"rendered":""},"content":{"rendered":"\n<p><\/p>\n\n\n\n<p><\/p>\n\n\n\n<figure class=\"wp-block-image aligncenter size-medium has-custom-border\"><img loading=\"lazy\" decoding=\"async\" width=\"300\" height=\"300\" src=\"http:\/\/botox-mhl.de\/wp-content\/uploads\/2025\/10\/profilbildv3-300x300.png\" alt=\"\" class=\"wp-image-148\" style=\"border-radius:100px\" srcset=\"http:\/\/botox-mhl.de\/wp-content\/uploads\/2025\/10\/profilbildv3-300x300.png 300w, http:\/\/botox-mhl.de\/wp-content\/uploads\/2025\/10\/profilbildv3-1024x1024.png 1024w, http:\/\/botox-mhl.de\/wp-content\/uploads\/2025\/10\/profilbildv3-150x150.png 150w, http:\/\/botox-mhl.de\/wp-content\/uploads\/2025\/10\/profilbildv3-768x768.png 768w, http:\/\/botox-mhl.de\/wp-content\/uploads\/2025\/10\/profilbildv3-1536x1536.png 1536w, http:\/\/botox-mhl.de\/wp-content\/uploads\/2025\/10\/profilbildv3.png 1620w\" sizes=\"auto, (max-width: 300px) 100vw, 300px\" \/><\/figure>\n\n\n\n<h2 class=\"wp-block-heading has-text-align-center has-x-large-font-size\" style=\"margin-top:var(--wp--preset--spacing--70);margin-bottom:var(--wp--preset--spacing--70)\"><strong>Jessica Hahn <\/strong><br>\u2013 medizinische Pr\u00e4zision trifft auf \u00e4sthetisches Feingef\u00fchl.<\/h2>\n\n\n\n<p class=\"has-x-large-font-size\"><\/p>\n\n\n\n<p class=\"has-text-align-center\" style=\"border-style:none;border-width:0px\"><p style=\"border-style:none;border-width:0px\">Nach vielen Jahren als <strong>Ober\u00e4rztin am Hufeland Klinikum M\u00fchlhausen<\/strong> hat Frau Hahn ihre Leidenschaft f\u00fcr Sch\u00f6nheit, Nat\u00fcrlichkeit und Wohlbefinden in die \u00e4sthetische Medizin eingebracht. Die Kombination aus medizinischer Exzellenz und einem feinen Gesp\u00fcr f\u00fcr individuelle \u00c4sthetik pr\u00e4gt ihre t\u00e4gliche Arbeit. Jede Behandlung wird mit gr\u00f6\u00dfter Sorgfalt, Pr\u00e4zision und Hingabe durchgef\u00fchrt \u2013 immer mit dem Ziel, die nat\u00fcrliche Ausstrahlung und Einzigartigkeit jedes Menschen zu unterstreichen.<\/p><\/p>\n\n\n\n<p class=\"has-text-align-center\"><p>Ihre langj\u00e4hrige Erfahrung in der Medizin, die Arbeit mit unterschiedlichsten Patientinnen und Patienten sowie ihr hoher Anspruch an Perfektion schaffen die Basis f\u00fcr <strong>Sicherheit, Vertrauen und exzellente Ergebnisse<\/strong>. Dabei steht der Mensch stets im Mittelpunkt \u2013 mit seinen pers\u00f6nlichen W\u00fcnschen, seinem Ausdruck und seinem Gef\u00fchl f\u00fcr Sch\u00f6nheit.<\/p><\/p>\n\n\n\n<p class=\"has-text-align-center\"><p>Tief in <strong>M\u00fchlhausen<\/strong> und der Region verwurzelt, legt Frau Hahn gro\u00dfen Wert auf eine ehrliche, pers\u00f6nliche und vertrauensvolle Atmosph\u00e4re. Ihre Praxis steht f\u00fcr <strong>h\u00f6chste Qualit\u00e4tsstandards<\/strong>, modernste Anwendungen und exklusive Produkte der Firma <strong>Merz<\/strong>, die f\u00fcr Nat\u00fcrlichkeit und langanhaltende Resultate bekannt sind.<\/p><\/p>\n\n\n\n<p class=\"has-text-align-center has-x-large-font-size\"><p>Hier entsteht ein Raum, in dem <strong>medizinische Kompetenz auf \u00c4sthetik, Eleganz und Wohlbefinden<\/strong> trifft. <\/p><\/p>\n\n\n\n<p class=\"has-text-align-center has-x-large-font-size\"><p>Ein Ort, an dem Sie sich in erfahrenen H\u00e4nden wissen \u2013 und in Ruhe ankommen d\u00fcrfen.<\/p><\/p>\n\n\n\n<p><\/p>\n","protected":false},"excerpt":{"rendered":"<p>Jessica Hahn \u2013 medizinische Pr\u00e4zision trifft auf \u00e4sthetisches Feingef\u00fchl. Nach vielen Jahren als Ober\u00e4rztin am Hufeland Klinikum M\u00fchlhausen hat Frau Hahn ihre Leidenschaft f\u00fcr Sch\u00f6nheit, Nat\u00fcrlichkeit und Wohlbefinden in die \u00e4sthetische Medizin eingebracht. Die Kombination aus medizinischer Exzellenz und einem feinen Gesp\u00fcr f\u00fcr individuelle \u00c4sthetik pr\u00e4gt ihre t\u00e4gliche Arbeit. Jede Behandlung wird mit gr\u00f6\u00dfter Sorgfalt, [&hellip;]<\/p>\n","protected":false},"author":1,"featured_media":0,"parent":0,"menu_order":0,"comment_status":"closed","ping_status":"closed","template":"","meta":{"footnotes":""},"class_list":["post-143","page","type-page","status-publish","hentry"],"yoast_head":"<!-- This site is optimized with the Yoast SEO plugin v27.3 - https:\/\/yoast.com\/product\/yoast-seo-wordpress\/ -->\n<title>- J&amp;J Aesthetics &lt;&gt; botox-mhl.de<\/title>\n<meta name=\"robots\" content=\"index, follow, max-snippet:-1, max-image-preview:large, max-video-preview:-1\" \/>\n<link rel=\"canonical\" href=\"http:\/\/botox-mhl.de\/sample-page\/ueber-uns\/\" \/>\n<meta property=\"og:locale\" content=\"de_DE\" \/>\n<meta property=\"og:type\" content=\"article\" \/>\n<meta property=\"og:title\" content=\"- J&amp;J Aesthetics &lt;&gt; botox-mhl.de\" \/>\n<meta property=\"og:description\" content=\"Jessica Hahn \u2013 medizinische Pr\u00e4zision trifft auf \u00e4sthetisches Feingef\u00fchl. Nach vielen Jahren als Ober\u00e4rztin am Hufeland Klinikum M\u00fchlhausen hat Frau Hahn ihre Leidenschaft f\u00fcr Sch\u00f6nheit, Nat\u00fcrlichkeit und Wohlbefinden in die \u00e4sthetische Medizin eingebracht. Die Kombination aus medizinischer Exzellenz und einem feinen Gesp\u00fcr f\u00fcr individuelle \u00c4sthetik pr\u00e4gt ihre t\u00e4gliche Arbeit. Jede Behandlung wird mit gr\u00f6\u00dfter Sorgfalt, [&hellip;]\" \/>\n<meta property=\"og:url\" content=\"http:\/\/botox-mhl.de\/sample-page\/ueber-uns\/\" \/>\n<meta property=\"og:site_name\" content=\"J&amp;J Aesthetics &lt;&gt; botox-mhl.de\" \/>\n<meta property=\"article:modified_time\" content=\"2025-11-10T08:22:56+00:00\" \/>\n<meta property=\"og:image\" content=\"http:\/\/botox-mhl.de\/wp-content\/uploads\/2025\/10\/profilbildv3-300x300.png\" \/>\n<meta name=\"twitter:card\" content=\"summary_large_image\" \/>\n<meta name=\"twitter:label1\" content=\"Gesch\u00e4tzte Lesezeit\" \/>\n\t<meta name=\"twitter:data1\" content=\"1\u00a0Minute\" \/>\n<script type=\"application\/ld+json\" class=\"yoast-schema-graph\">{\"@context\":\"https:\\\/\\\/schema.org\",\"@graph\":[{\"@type\":\"WebPage\",\"@id\":\"http:\\\/\\\/botox-mhl.de\\\/sample-page\\\/ueber-uns\\\/\",\"url\":\"http:\\\/\\\/botox-mhl.de\\\/sample-page\\\/ueber-uns\\\/\",\"name\":\"- J&amp;J Aesthetics &lt;&gt; botox-mhl.de\",\"isPartOf\":{\"@id\":\"https:\\\/\\\/botox-mhl.de\\\/sample-page\\\/#website\"},\"primaryImageOfPage\":{\"@id\":\"http:\\\/\\\/botox-mhl.de\\\/sample-page\\\/ueber-uns\\\/#primaryimage\"},\"image\":{\"@id\":\"http:\\\/\\\/botox-mhl.de\\\/sample-page\\\/ueber-uns\\\/#primaryimage\"},\"thumbnailUrl\":\"http:\\\/\\\/botox-mhl.de\\\/wp-content\\\/uploads\\\/2025\\\/10\\\/profilbildv3-300x300.png\",\"datePublished\":\"2025-10-29T09:19:52+00:00\",\"dateModified\":\"2025-11-10T08:22:56+00:00\",\"inLanguage\":\"de\",\"potentialAction\":[{\"@type\":\"ReadAction\",\"target\":[\"http:\\\/\\\/botox-mhl.de\\\/sample-page\\\/ueber-uns\\\/\"]}]},{\"@type\":\"ImageObject\",\"inLanguage\":\"de\",\"@id\":\"http:\\\/\\\/botox-mhl.de\\\/sample-page\\\/ueber-uns\\\/#primaryimage\",\"url\":\"http:\\\/\\\/botox-mhl.de\\\/wp-content\\\/uploads\\\/2025\\\/10\\\/profilbildv3-300x300.png\",\"contentUrl\":\"http:\\\/\\\/botox-mhl.de\\\/wp-content\\\/uploads\\\/2025\\\/10\\\/profilbildv3-300x300.png\"},{\"@type\":\"WebSite\",\"@id\":\"https:\\\/\\\/botox-mhl.de\\\/sample-page\\\/#website\",\"url\":\"https:\\\/\\\/botox-mhl.de\\\/sample-page\\\/\",\"name\":\"J&J Aesthetics botox-mhl.de\",\"description\":\"Ihr kompetenter Botox- und Hyaluronspezialist in M\u00fchlhausen\",\"publisher\":{\"@id\":\"https:\\\/\\\/botox-mhl.de\\\/sample-page\\\/#organization\"},\"potentialAction\":[{\"@type\":\"SearchAction\",\"target\":{\"@type\":\"EntryPoint\",\"urlTemplate\":\"https:\\\/\\\/botox-mhl.de\\\/sample-page\\\/?s={search_term_string}\"},\"query-input\":{\"@type\":\"PropertyValueSpecification\",\"valueRequired\":true,\"valueName\":\"search_term_string\"}}],\"inLanguage\":\"de\"},{\"@type\":\"Organization\",\"@id\":\"https:\\\/\\\/botox-mhl.de\\\/sample-page\\\/#organization\",\"name\":\"botox-mhl.de\",\"url\":\"https:\\\/\\\/botox-mhl.de\\\/sample-page\\\/\",\"logo\":{\"@type\":\"ImageObject\",\"inLanguage\":\"de\",\"@id\":\"https:\\\/\\\/botox-mhl.de\\\/sample-page\\\/#\\\/schema\\\/logo\\\/image\\\/\",\"url\":\"http:\\\/\\\/botox-mhl.de\\\/wp-content\\\/uploads\\\/2025\\\/10\\\/logo-ohne-hintergund-schwarz-3.png\",\"contentUrl\":\"http:\\\/\\\/botox-mhl.de\\\/wp-content\\\/uploads\\\/2025\\\/10\\\/logo-ohne-hintergund-schwarz-3.png\",\"width\":1024,\"height\":1024,\"caption\":\"botox-mhl.de\"},\"image\":{\"@id\":\"https:\\\/\\\/botox-mhl.de\\\/sample-page\\\/#\\\/schema\\\/logo\\\/image\\\/\"}}]}<\/script>\n<!-- \/ Yoast SEO plugin. -->","yoast_head_json":{"title":"- J&amp;J Aesthetics &lt;&gt; botox-mhl.de","robots":{"index":"index","follow":"follow","max-snippet":"max-snippet:-1","max-image-preview":"max-image-preview:large","max-video-preview":"max-video-preview:-1"},"canonical":"http:\/\/botox-mhl.de\/sample-page\/ueber-uns\/","og_locale":"de_DE","og_type":"article","og_title":"- J&amp;J Aesthetics &lt;&gt; botox-mhl.de","og_description":"Jessica Hahn \u2013 medizinische Pr\u00e4zision trifft auf \u00e4sthetisches Feingef\u00fchl. Nach vielen Jahren als Ober\u00e4rztin am Hufeland Klinikum M\u00fchlhausen hat Frau Hahn ihre Leidenschaft f\u00fcr Sch\u00f6nheit, Nat\u00fcrlichkeit und Wohlbefinden in die \u00e4sthetische Medizin eingebracht. Die Kombination aus medizinischer Exzellenz und einem feinen Gesp\u00fcr f\u00fcr individuelle \u00c4sthetik pr\u00e4gt ihre t\u00e4gliche Arbeit. Jede Behandlung wird mit gr\u00f6\u00dfter Sorgfalt, [&hellip;]","og_url":"http:\/\/botox-mhl.de\/sample-page\/ueber-uns\/","og_site_name":"J&amp;J Aesthetics &lt;&gt; botox-mhl.de","article_modified_time":"2025-11-10T08:22:56+00:00","og_image":[{"url":"http:\/\/botox-mhl.de\/wp-content\/uploads\/2025\/10\/profilbildv3-300x300.png","type":"","width":"","height":""}],"twitter_card":"summary_large_image","twitter_misc":{"Gesch\u00e4tzte Lesezeit":"1\u00a0Minute"},"schema":{"@context":"https:\/\/schema.org","@graph":[{"@type":"WebPage","@id":"http:\/\/botox-mhl.de\/sample-page\/ueber-uns\/","url":"http:\/\/botox-mhl.de\/sample-page\/ueber-uns\/","name":"- J&amp;J Aesthetics &lt;&gt; botox-mhl.de","isPartOf":{"@id":"https:\/\/botox-mhl.de\/sample-page\/#website"},"primaryImageOfPage":{"@id":"http:\/\/botox-mhl.de\/sample-page\/ueber-uns\/#primaryimage"},"image":{"@id":"http:\/\/botox-mhl.de\/sample-page\/ueber-uns\/#primaryimage"},"thumbnailUrl":"http:\/\/botox-mhl.de\/wp-content\/uploads\/2025\/10\/profilbildv3-300x300.png","datePublished":"2025-10-29T09:19:52+00:00","dateModified":"2025-11-10T08:22:56+00:00","inLanguage":"de","potentialAction":[{"@type":"ReadAction","target":["http:\/\/botox-mhl.de\/sample-page\/ueber-uns\/"]}]},{"@type":"ImageObject","inLanguage":"de","@id":"http:\/\/botox-mhl.de\/sample-page\/ueber-uns\/#primaryimage","url":"http:\/\/botox-mhl.de\/wp-content\/uploads\/2025\/10\/profilbildv3-300x300.png","contentUrl":"http:\/\/botox-mhl.de\/wp-content\/uploads\/2025\/10\/profilbildv3-300x300.png"},{"@type":"WebSite","@id":"https:\/\/botox-mhl.de\/sample-page\/#website","url":"https:\/\/botox-mhl.de\/sample-page\/","name":"J&J Aesthetics botox-mhl.de","description":"Ihr kompetenter Botox- und Hyaluronspezialist in M\u00fchlhausen","publisher":{"@id":"https:\/\/botox-mhl.de\/sample-page\/#organization"},"potentialAction":[{"@type":"SearchAction","target":{"@type":"EntryPoint","urlTemplate":"https:\/\/botox-mhl.de\/sample-page\/?s={search_term_string}"},"query-input":{"@type":"PropertyValueSpecification","valueRequired":true,"valueName":"search_term_string"}}],"inLanguage":"de"},{"@type":"Organization","@id":"https:\/\/botox-mhl.de\/sample-page\/#organization","name":"botox-mhl.de","url":"https:\/\/botox-mhl.de\/sample-page\/","logo":{"@type":"ImageObject","inLanguage":"de","@id":"https:\/\/botox-mhl.de\/sample-page\/#\/schema\/logo\/image\/","url":"http:\/\/botox-mhl.de\/wp-content\/uploads\/2025\/10\/logo-ohne-hintergund-schwarz-3.png","contentUrl":"http:\/\/botox-mhl.de\/wp-content\/uploads\/2025\/10\/logo-ohne-hintergund-schwarz-3.png","width":1024,"height":1024,"caption":"botox-mhl.de"},"image":{"@id":"https:\/\/botox-mhl.de\/sample-page\/#\/schema\/logo\/image\/"}}]}},"_links":{"self":[{"href":"http:\/\/botox-mhl.de\/sample-page\/wp-json\/wp\/v2\/pages\/143","targetHints":{"allow":["GET"]}}],"collection":[{"href":"http:\/\/botox-mhl.de\/sample-page\/wp-json\/wp\/v2\/pages"}],"about":[{"href":"http:\/\/botox-mhl.de\/sample-page\/wp-json\/wp\/v2\/types\/page"}],"author":[{"embeddable":true,"href":"http:\/\/botox-mhl.de\/sample-page\/wp-json\/wp\/v2\/users\/1"}],"replies":[{"embeddable":true,"href":"http:\/\/botox-mhl.de\/sample-page\/wp-json\/wp\/v2\/comments?post=143"}],"version-history":[{"count":11,"href":"http:\/\/botox-mhl.de\/sample-page\/wp-json\/wp\/v2\/pages\/143\/revisions"}],"predecessor-version":[{"id":167,"href":"http:\/\/botox-mhl.de\/sample-page\/wp-json\/wp\/v2\/pages\/143\/revisions\/167"}],"wp:attachment":[{"href":"http:\/\/botox-mhl.de\/sample-page\/wp-json\/wp\/v2\/media?parent=143"}],"curies":[{"name":"wp","href":"https:\/\/api.w.org\/{rel}","templated":true}]}}